{"id":2521,"date":"2020-04-05T21:21:18","date_gmt":"2020-04-05T21:21:18","guid":{"rendered":"https:\/\/handonfruits.com\/?page_id=2521"},"modified":"2020-04-25T20:57:11","modified_gmt":"2020-04-25T20:57:11","slug":"faqs","status":"publish","type":"page","link":"https:\/\/handonfruits.com\/es\/faqs\/","title":{"rendered":"F.A.Q&#8217;S"},"content":{"rendered":"<div id=\"pl-2521\"  class=\"panel-layout\" ><div id=\"pg-2521-0\"  class=\"panel-grid panel-no-style\" ><div id=\"pgc-2521-0-0\"  class=\"panel-grid-cell\" ><div id=\"panel-2521-0-0-0\" class=\"so-panel widget widget_sow-accordion panel-first-child panel-last-child\" data-index=\"0\" ><div\n\t\t\t\n\t\t\tclass=\"so-widget-sow-accordion so-widget-sow-accordion-default-7809d934699e-2521\"\n\t\t\t\n\t\t><div>\n\t<div class=\"sow-accordion\">\n\t\t\t<div class=\"sow-accordion-panel\n\t\t sow-accordion-panel-open\t\t\"\n\t\t\tdata-anchor-id=\"como-funciona-tu-frescura\">\n\t\t\t\t<div class=\"sow-accordion-panel-header-container\" role=\"heading\" aria-level=\"2\">\n\t\t\t\t\t<div class=\"sow-accordion-panel-header\" tabindex=\"0\" role=\"button\" id=\"accordion-label-%c2%bfc%c3%b3mo-funciona-tu-frescura\" aria-controls=\"accordion-content-%c2%bfc%c3%b3mo-funciona-tu-frescura\" aria-expanded=\"true\">\n\t\t\t\t\t\t<div class=\"sow-accordion-title sow-accordion-title-icon-left\">\n\t\t\t\t\t\t\t\t\t\t\t\t\t\t\u00bfC\u00f3mo funciona tu frescura?\t\t\t\t\t\t\t\t\t\t\t\t\t<\/div>\n\t\t\t\t\t\t<div class=\"sow-accordion-open-close-button\">\n\t\t\t\t\t\t\t<div class=\"sow-accordion-open-button\">\n\t\t\t\t\t\t\t\t<span class=\"sow-icon-ionicons\" data-sow-icon=\"&#xf218;\"\n\t\t \n\t\taria-hidden=\"true\"><\/span>\t\t\t\t\t\t\t<\/div>\n\t\t\t\t\t\t\t<div class=\"sow-accordion-close-button\">\n\t\t\t\t\t\t\t\t<span class=\"sow-icon-ionicons\" data-sow-icon=\"&#xf209;\"\n\t\t \n\t\taria-hidden=\"true\"><\/span>\t\t\t\t\t\t\t<\/div>\n\t\t\t\t\t\t<\/div>\n\t\t\t\t\t<\/div>\n\t\t\t\t<\/div>\n\n\t\t\t<div\n\t\t\t\tclass=\"sow-accordion-panel-content\"\n\t\t\t\trole=\"region\"\n\t\t\t\taria-labelledby=\"accordion-label-%c2%bfc%c3%b3mo-funciona-tu-frescura\"\n\t\t\t\tid=\"accordion-content-%c2%bfc%c3%b3mo-funciona-tu-frescura\"\n\t\t\t\t\t\t\t>\n\t\t\t\t<div class=\"sow-accordion-panel-border\">\n\t\t\t\t\tTrabajamos solo con pre-pedido y con un corte semanal todos los viernes a las 12 a.m. para la entrega de la semana entrante.\n<br \/> <br \/>\nPor lo general, nuestro env\u00edo proviene de la granja o de nuestros proveedores en EE. UU. O en el extranjero una o dos veces por semana por v\u00eda a\u00e9rea o terrestre, por lo que nuestros productos deben estar al d\u00eda siguiente despu\u00e9s de la cosecha y de 1 a 3 d\u00edas para estar en sus manos. B\u00e1sicamente, recibir\u00e1 algunas de nuestras frutas u hojas con menos de 5 d\u00edas de cosecha.\t\t\t\t<\/div>\n\t\t\t<\/div>\n\t\t<\/div>\n\t\t\t<div class=\"sow-accordion-panel\n\t\t\t\t\"\n\t\t\tdata-anchor-id=\"que-areas-sirven\">\n\t\t\t\t<div class=\"sow-accordion-panel-header-container\" role=\"heading\" aria-level=\"2\">\n\t\t\t\t\t<div class=\"sow-accordion-panel-header\" tabindex=\"0\" role=\"button\" id=\"accordion-label-%c2%bfqu%c3%a9-%c3%a1reas-sirven\" aria-controls=\"accordion-content-%c2%bfqu%c3%a9-%c3%a1reas-sirven\" aria-expanded=\"false\">\n\t\t\t\t\t\t<div class=\"sow-accordion-title sow-accordion-title-icon-left\">\n\t\t\t\t\t\t\t\t\t\t\t\t\t\t\u00bfQu\u00e9 \u00e1reas sirven?\t\t\t\t\t\t\t\t\t\t\t\t\t<\/div>\n\t\t\t\t\t\t<div class=\"sow-accordion-open-close-button\">\n\t\t\t\t\t\t\t<div class=\"sow-accordion-open-button\">\n\t\t\t\t\t\t\t\t<span class=\"sow-icon-ionicons\" data-sow-icon=\"&#xf218;\"\n\t\t \n\t\taria-hidden=\"true\"><\/span>\t\t\t\t\t\t\t<\/div>\n\t\t\t\t\t\t\t<div class=\"sow-accordion-close-button\">\n\t\t\t\t\t\t\t\t<span class=\"sow-icon-ionicons\" data-sow-icon=\"&#xf209;\"\n\t\t \n\t\taria-hidden=\"true\"><\/span>\t\t\t\t\t\t\t<\/div>\n\t\t\t\t\t\t<\/div>\n\t\t\t\t\t<\/div>\n\t\t\t\t<\/div>\n\n\t\t\t<div\n\t\t\t\tclass=\"sow-accordion-panel-content\"\n\t\t\t\trole=\"region\"\n\t\t\t\taria-labelledby=\"accordion-label-%c2%bfqu%c3%a9-%c3%a1reas-sirven\"\n\t\t\t\tid=\"accordion-content-%c2%bfqu%c3%a9-%c3%a1reas-sirven\"\n\t\t\t\tstyle=\"display: none;\"\t\t\t>\n\t\t\t\t<div class=\"sow-accordion-panel-border\">\n\t\t\t\t\tEstamos ubicados en Queens, Nueva York, no solo en la ciudad de Nueva York, sino tambi\u00e9n en la naci\u00f3n a trav\u00e9s de nuestra afiliaci\u00f3n con USPS, UPS, FEDEX y DHL, lo que hace posible nuestra entrega de 1 a 3 d\u00edas en cualquier direcci\u00f3n de los Estados Unidos.\t\t\t\t<\/div>\n\t\t\t<\/div>\n\t\t<\/div>\n\t\t\t<div class=\"sow-accordion-panel\n\t\t\t\t\"\n\t\t\tdata-anchor-id=\"como-sera-la-fruta-cuando-la-reciba\">\n\t\t\t\t<div class=\"sow-accordion-panel-header-container\" role=\"heading\" aria-level=\"2\">\n\t\t\t\t\t<div class=\"sow-accordion-panel-header\" tabindex=\"0\" role=\"button\" id=\"accordion-label-%c2%bfc%c3%b3mo-ser%c3%a1-la-fruta-cuando-la-reciba\" aria-controls=\"accordion-content-%c2%bfc%c3%b3mo-ser%c3%a1-la-fruta-cuando-la-reciba\" aria-expanded=\"false\">\n\t\t\t\t\t\t<div class=\"sow-accordion-title sow-accordion-title-icon-left\">\n\t\t\t\t\t\t\t\t\t\t\t\t\t\t\u00bfC\u00f3mo ser\u00e1 la fruta cuando la reciba?\t\t\t\t\t\t\t\t\t\t\t\t\t<\/div>\n\t\t\t\t\t\t<div class=\"sow-accordion-open-close-button\">\n\t\t\t\t\t\t\t<div class=\"sow-accordion-open-button\">\n\t\t\t\t\t\t\t\t<span class=\"sow-icon-ionicons\" data-sow-icon=\"&#xf218;\"\n\t\t \n\t\taria-hidden=\"true\"><\/span>\t\t\t\t\t\t\t<\/div>\n\t\t\t\t\t\t\t<div class=\"sow-accordion-close-button\">\n\t\t\t\t\t\t\t\t<span class=\"sow-icon-ionicons\" data-sow-icon=\"&#xf209;\"\n\t\t \n\t\taria-hidden=\"true\"><\/span>\t\t\t\t\t\t\t<\/div>\n\t\t\t\t\t\t<\/div>\n\t\t\t\t\t<\/div>\n\t\t\t\t<\/div>\n\n\t\t\t<div\n\t\t\t\tclass=\"sow-accordion-panel-content\"\n\t\t\t\trole=\"region\"\n\t\t\t\taria-labelledby=\"accordion-label-%c2%bfc%c3%b3mo-ser%c3%a1-la-fruta-cuando-la-reciba\"\n\t\t\t\tid=\"accordion-content-%c2%bfc%c3%b3mo-ser%c3%a1-la-fruta-cuando-la-reciba\"\n\t\t\t\tstyle=\"display: none;\"\t\t\t>\n\t\t\t\t<div class=\"sow-accordion-panel-border\">\n\t\t\t\t\tDebido a que solo hacemos un pedido anticipado, tenemos tiempo para recoger a mano frutas u hojas frescas para enviarlas a nuestros clientes a trav\u00e9s de nuestros socios de env\u00edo afiliados, por lo que las frutas que deber\u00edan llegar comienzan a madurar o madurar en la mayor\u00eda de los casos. En el caso de la hoja fresca, la recibir\u00e1 de acuerdo con el lugar de entrega del env\u00edo.\t\t\t\t<\/div>\n\t\t\t<\/div>\n\t\t<\/div>\n\t\t\t<div class=\"sow-accordion-panel\n\t\t\t\t\"\n\t\t\tdata-anchor-id=\"cuantas-frutas-vendra-en-la-caja\">\n\t\t\t\t<div class=\"sow-accordion-panel-header-container\" role=\"heading\" aria-level=\"2\">\n\t\t\t\t\t<div class=\"sow-accordion-panel-header\" tabindex=\"0\" role=\"button\" id=\"accordion-label-%c2%bfcu%c3%a1ntas-frutas-vendr%c3%a1-en-la-caja\" aria-controls=\"accordion-content-%c2%bfcu%c3%a1ntas-frutas-vendr%c3%a1-en-la-caja\" aria-expanded=\"false\">\n\t\t\t\t\t\t<div class=\"sow-accordion-title sow-accordion-title-icon-left\">\n\t\t\t\t\t\t\t\t\t\t\t\t\t\t\u00bfCu\u00e1ntas frutas vendr\u00e1 en la caja?\t\t\t\t\t\t\t\t\t\t\t\t\t<\/div>\n\t\t\t\t\t\t<div class=\"sow-accordion-open-close-button\">\n\t\t\t\t\t\t\t<div class=\"sow-accordion-open-button\">\n\t\t\t\t\t\t\t\t<span class=\"sow-icon-ionicons\" data-sow-icon=\"&#xf218;\"\n\t\t \n\t\taria-hidden=\"true\"><\/span>\t\t\t\t\t\t\t<\/div>\n\t\t\t\t\t\t\t<div class=\"sow-accordion-close-button\">\n\t\t\t\t\t\t\t\t<span class=\"sow-icon-ionicons\" data-sow-icon=\"&#xf209;\"\n\t\t \n\t\taria-hidden=\"true\"><\/span>\t\t\t\t\t\t\t<\/div>\n\t\t\t\t\t\t<\/div>\n\t\t\t\t\t<\/div>\n\t\t\t\t<\/div>\n\n\t\t\t<div\n\t\t\t\tclass=\"sow-accordion-panel-content\"\n\t\t\t\trole=\"region\"\n\t\t\t\taria-labelledby=\"accordion-label-%c2%bfcu%c3%a1ntas-frutas-vendr%c3%a1-en-la-caja\"\n\t\t\t\tid=\"accordion-content-%c2%bfcu%c3%a1ntas-frutas-vendr%c3%a1-en-la-caja\"\n\t\t\t\tstyle=\"display: none;\"\t\t\t>\n\t\t\t\t<div class=\"sow-accordion-panel-border\">\n\t\t\t\t\tEl peso promedio de las frutas (para frutas por libras) var\u00eda que no podemos predeterminar. Si tiene preguntas especiales, preg\u00fantenos primero y le responderemos de acuerdo con el \u00edtem de inter\u00e9s. Para guan\u00e1bana es entre 1 a 3 libras, en algunos casos tenemos tama\u00f1os m\u00e1s grandes, como 4 o 5 libras. Luego, por ejemplo, la presentaci\u00f3n de 5 libras puede contener 3 frutas o 1 fruta m\u00e1s grande. Al final es en peso y no hay una cantidad espec\u00edfica de unidades.\t\t\t\t<\/div>\n\t\t\t<\/div>\n\t\t<\/div>\n\t\t\t<div class=\"sow-accordion-panel\n\t\t\t\t\"\n\t\t\tdata-anchor-id=\"cualquier-garantia\">\n\t\t\t\t<div class=\"sow-accordion-panel-header-container\" role=\"heading\" aria-level=\"2\">\n\t\t\t\t\t<div class=\"sow-accordion-panel-header\" tabindex=\"0\" role=\"button\" id=\"accordion-label-cualquier-garant%c3%ada\" aria-controls=\"accordion-content-cualquier-garant%c3%ada\" aria-expanded=\"false\">\n\t\t\t\t\t\t<div class=\"sow-accordion-title sow-accordion-title-icon-left\">\n\t\t\t\t\t\t\t\t\t\t\t\t\t\tCualquier garant\u00eda?\t\t\t\t\t\t\t\t\t\t\t\t\t<\/div>\n\t\t\t\t\t\t<div class=\"sow-accordion-open-close-button\">\n\t\t\t\t\t\t\t<div class=\"sow-accordion-open-button\">\n\t\t\t\t\t\t\t\t<span class=\"sow-icon-ionicons\" data-sow-icon=\"&#xf218;\"\n\t\t \n\t\taria-hidden=\"true\"><\/span>\t\t\t\t\t\t\t<\/div>\n\t\t\t\t\t\t\t<div class=\"sow-accordion-close-button\">\n\t\t\t\t\t\t\t\t<span class=\"sow-icon-ionicons\" data-sow-icon=\"&#xf209;\"\n\t\t \n\t\taria-hidden=\"true\"><\/span>\t\t\t\t\t\t\t<\/div>\n\t\t\t\t\t\t<\/div>\n\t\t\t\t\t<\/div>\n\t\t\t\t<\/div>\n\n\t\t\t<div\n\t\t\t\tclass=\"sow-accordion-panel-content\"\n\t\t\t\trole=\"region\"\n\t\t\t\taria-labelledby=\"accordion-label-cualquier-garant%c3%ada\"\n\t\t\t\tid=\"accordion-content-cualquier-garant%c3%ada\"\n\t\t\t\tstyle=\"display: none;\"\t\t\t>\n\t\t\t\t<div class=\"sow-accordion-panel-border\">\n\t\t\t\t\t\u00a1Por supuesto que s\u00ed!\n<br \/> <br \/>\nTodas nuestras frutas y hojas cumplen el est\u00e1ndar m\u00e1s alto antes de enviar los art\u00edculos a nuestras instalaciones. Y como siempre, pueden ocurrir cosas, de ser as\u00ed, en cualquier circunstancia que reciba una mala calidad, aseg\u00farese de notificarnos de inmediato envi\u00e1ndonos fotos a <a href=\"mailto:claims@handOnFruits.com\"> reclamos@handOnFruits.com <\/a> debido a perecederos a m\u00e1s tardar el d\u00eda posterior a la fecha de recepci\u00f3n y nos ocuparemos de usted de inmediato.\t\t\t\t<\/div>\n\t\t\t<\/div>\n\t\t<\/div>\n\t\t\t<div class=\"sow-accordion-panel\n\t\t\t\t\"\n\t\t\tdata-anchor-id=\"por-que-es-tan-dificil-encontrar-frutas-y-hojas-de-soursop-aqui-en-los-estados-unidos\">\n\t\t\t\t<div class=\"sow-accordion-panel-header-container\" role=\"heading\" aria-level=\"2\">\n\t\t\t\t\t<div class=\"sow-accordion-panel-header\" tabindex=\"0\" role=\"button\" id=\"accordion-label-%c2%bfpor-qu%c3%a9-es-tan-dif%c3%adcil-encontrar-frutas-y-hojas-de-soursop-aqu%c3%ad-en-los-estados-unidos\" aria-controls=\"accordion-content-%c2%bfpor-qu%c3%a9-es-tan-dif%c3%adcil-encontrar-frutas-y-hojas-de-soursop-aqu%c3%ad-en-los-estados-unidos\" aria-expanded=\"false\">\n\t\t\t\t\t\t<div class=\"sow-accordion-title sow-accordion-title-icon-left\">\n\t\t\t\t\t\t\t\t\t\t\t\t\t\t\u00bfPor qu\u00e9 es tan dif\u00edcil encontrar frutas y hojas de SourSop aqu\u00ed en los Estados Unidos?\t\t\t\t\t\t\t\t\t\t\t\t\t<\/div>\n\t\t\t\t\t\t<div class=\"sow-accordion-open-close-button\">\n\t\t\t\t\t\t\t<div class=\"sow-accordion-open-button\">\n\t\t\t\t\t\t\t\t<span class=\"sow-icon-ionicons\" data-sow-icon=\"&#xf218;\"\n\t\t \n\t\taria-hidden=\"true\"><\/span>\t\t\t\t\t\t\t<\/div>\n\t\t\t\t\t\t\t<div class=\"sow-accordion-close-button\">\n\t\t\t\t\t\t\t\t<span class=\"sow-icon-ionicons\" data-sow-icon=\"&#xf209;\"\n\t\t \n\t\taria-hidden=\"true\"><\/span>\t\t\t\t\t\t\t<\/div>\n\t\t\t\t\t\t<\/div>\n\t\t\t\t\t<\/div>\n\t\t\t\t<\/div>\n\n\t\t\t<div\n\t\t\t\tclass=\"sow-accordion-panel-content\"\n\t\t\t\trole=\"region\"\n\t\t\t\taria-labelledby=\"accordion-label-%c2%bfpor-qu%c3%a9-es-tan-dif%c3%adcil-encontrar-frutas-y-hojas-de-soursop-aqu%c3%ad-en-los-estados-unidos\"\n\t\t\t\tid=\"accordion-content-%c2%bfpor-qu%c3%a9-es-tan-dif%c3%adcil-encontrar-frutas-y-hojas-de-soursop-aqu%c3%ad-en-los-estados-unidos\"\n\t\t\t\tstyle=\"display: none;\"\t\t\t>\n\t\t\t\t<div class=\"sow-accordion-panel-border\">\n\t\t\t\t\tEs un privilegio obtener esta fruta en EE. UU. Debido a la condici\u00f3n perecedera y delicada de la fruta, pero tambi\u00e9n a la estricta seguridad y control que el gobierno tiene sobre estas frutas y hojas que permiten que solo 1 pa\u00eds en todo el mundo la traiga a los estados.\t\t\t\t<\/div>\n\t\t\t<\/div>\n\t\t<\/div>\n\t\t\t<div class=\"sow-accordion-panel\n\t\t\t\t\"\n\t\t\tdata-anchor-id=\"mi-pregunta-no-es-respondida-aqui-que-tengo-que-hacer\">\n\t\t\t\t<div class=\"sow-accordion-panel-header-container\" role=\"heading\" aria-level=\"2\">\n\t\t\t\t\t<div class=\"sow-accordion-panel-header\" tabindex=\"0\" role=\"button\" id=\"accordion-label-mi-pregunta-no-es-respondida-aqu%c3%ad-%c2%bfqu%c3%a9-tengo-que-hacer\" aria-controls=\"accordion-content-mi-pregunta-no-es-respondida-aqu%c3%ad-%c2%bfqu%c3%a9-tengo-que-hacer\" aria-expanded=\"false\">\n\t\t\t\t\t\t<div class=\"sow-accordion-title sow-accordion-title-icon-left\">\n\t\t\t\t\t\t\t\t\t\t\t\t\t\tMi pregunta no es respondida aqu\u00ed; \u00bfQu\u00e9 tengo que hacer?\t\t\t\t\t\t\t\t\t\t\t\t\t<\/div>\n\t\t\t\t\t\t<div class=\"sow-accordion-open-close-button\">\n\t\t\t\t\t\t\t<div class=\"sow-accordion-open-button\">\n\t\t\t\t\t\t\t\t<span class=\"sow-icon-ionicons\" data-sow-icon=\"&#xf218;\"\n\t\t \n\t\taria-hidden=\"true\"><\/span>\t\t\t\t\t\t\t<\/div>\n\t\t\t\t\t\t\t<div class=\"sow-accordion-close-button\">\n\t\t\t\t\t\t\t\t<span class=\"sow-icon-ionicons\" data-sow-icon=\"&#xf209;\"\n\t\t \n\t\taria-hidden=\"true\"><\/span>\t\t\t\t\t\t\t<\/div>\n\t\t\t\t\t\t<\/div>\n\t\t\t\t\t<\/div>\n\t\t\t\t<\/div>\n\n\t\t\t<div\n\t\t\t\tclass=\"sow-accordion-panel-content\"\n\t\t\t\trole=\"region\"\n\t\t\t\taria-labelledby=\"accordion-label-mi-pregunta-no-es-respondida-aqu%c3%ad-%c2%bfqu%c3%a9-tengo-que-hacer\"\n\t\t\t\tid=\"accordion-content-mi-pregunta-no-es-respondida-aqu%c3%ad-%c2%bfqu%c3%a9-tengo-que-hacer\"\n\t\t\t\tstyle=\"display: none;\"\t\t\t>\n\t\t\t\t<div class=\"sow-accordion-panel-border\">\n\t\t\t\t\tLamentamos que no haya encontrado su pregunta aqu\u00ed, pero estamos aqu\u00ed para responder cualquier pregunta que pueda tener. Env\u00edenos un correo electr\u00f3nico a <a href=\"mailto:info@handOnFruits.com\">info@handOnFruits.com<\/a> o WhatsApp us + 516-441-0142 (solo texto, sin llamadas) los 7 d\u00edas de la semana.\t\t\t\t<\/div>\n\t\t\t<\/div>\n\t\t<\/div>\n\t\t<\/div>\n<\/div>\n<\/div><\/div><\/div><\/div><\/div>","protected":false},"excerpt":{"rendered":"<p>\u00bfC\u00f3mo funciona tu frescura? Trabajamos solo con pre-pedido y con un corte semanal todos los viernes a las 12 a.m. [&hellip;]<\/p>\n","protected":false},"author":2,"featured_media":0,"parent":0,"menu_order":0,"comment_status":"closed","ping_status":"closed","template":"","meta":{"_monsterinsights_skip_tracking":false,"_monsterinsights_sitenote_active":false,"_monsterinsights_sitenote_note":"","_monsterinsights_sitenote_category":0,"footnotes":""},"class_list":["post-2521","page","type-page","status-publish","hentry"],"_links":{"self":[{"href":"https:\/\/handonfruits.com\/es\/wp-json\/wp\/v2\/pages\/2521","targetHints":{"allow":["GET"]}}],"collection":[{"href":"https:\/\/handonfruits.com\/es\/wp-json\/wp\/v2\/pages"}],"about":[{"href":"https:\/\/handonfruits.com\/es\/wp-json\/wp\/v2\/types\/page"}],"author":[{"embeddable":true,"href":"https:\/\/handonfruits.com\/es\/wp-json\/wp\/v2\/users\/2"}],"replies":[{"embeddable":true,"href":"https:\/\/handonfruits.com\/es\/wp-json\/wp\/v2\/comments?post=2521"}],"version-history":[{"count":11,"href":"https:\/\/handonfruits.com\/es\/wp-json\/wp\/v2\/pages\/2521\/revisions"}],"predecessor-version":[{"id":2673,"href":"https:\/\/handonfruits.com\/es\/wp-json\/wp\/v2\/pages\/2521\/revisions\/2673"}],"wp:attachment":[{"href":"https:\/\/handonfruits.com\/es\/wp-json\/wp\/v2\/media?parent=2521"}],"curies":[{"name":"wp","href":"https:\/\/api.w.org\/{rel}","templated":true}]}}