{"id":2326,"date":"2018-01-28T18:27:29","date_gmt":"2018-01-28T18:27:29","guid":{"rendered":"https:\/\/handonfruits.com\/\/soursop-leaf\/"},"modified":"2020-04-25T21:29:46","modified_gmt":"2020-04-25T21:29:46","slug":"hojas-de-guanabana","status":"publish","type":"page","link":"https:\/\/handonfruits.com\/es\/hojas-de-guanabana\/","title":{"rendered":"Hojas de guanabana"},"content":{"rendered":"<div id=\"pl-2326\"  class=\"panel-layout\" ><div id=\"pg-2326-0\"  class=\"panel-grid panel-no-style\" ><div id=\"pgc-2326-0-0\"  class=\"panel-grid-cell\" ><div id=\"panel-2326-0-0-0\" class=\"so-panel widget widget_sow-image panel-first-child panel-last-child\" data-index=\"0\" ><div\n\t\t\t\n\t\t\tclass=\"so-widget-sow-image so-widget-sow-image-default-c67d20f9f743-2326\"\n\t\t\t\n\t\t>\n<div class=\"sow-image-container\">\n\t\t<img fetchpriority=\"high\" \n\tsrc=\"https:\/\/handonfruits.com\/wp-content\/uploads\/2018\/02\/infographic_leaf.jpg\" width=\"1600\" height=\"812\" srcset=\"https:\/\/handonfruits.com\/wp-content\/uploads\/2018\/02\/infographic_leaf.jpg 1600w, https:\/\/handonfruits.com\/wp-content\/uploads\/2018\/02\/infographic_leaf-400x203.jpg 400w, https:\/\/handonfruits.com\/wp-content\/uploads\/2018\/02\/infographic_leaf-300x152.jpg 300w, https:\/\/handonfruits.com\/wp-content\/uploads\/2018\/02\/infographic_leaf-768x390.jpg 768w, https:\/\/handonfruits.com\/wp-content\/uploads\/2018\/02\/infographic_leaf-1024x520.jpg 1024w\" sizes=\"(max-width: 1600px) 100vw, 1600px\" alt=\"Soursop Leaves\" \t\tclass=\"so-widget-image\"\/>\n\t<\/div>\n\n<\/div><\/div><\/div><\/div><div id=\"pg-2326-1\"  class=\"panel-grid panel-no-style\" ><div id=\"pgc-2326-1-0\"  class=\"panel-grid-cell\" ><div id=\"panel-2326-1-0-0\" class=\"so-panel widget widget_themegrill_flash_heading tg-widget section-title-wrapper panel-first-child panel-last-child\" data-index=\"1\" >\t<h3 class=\"section-title\">LEER M\u00c1S<\/h3>\n<\/div><\/div><\/div><div id=\"pg-2326-2\"  class=\"panel-grid panel-no-style\" ><div id=\"pgc-2326-2-0\"  class=\"panel-grid-cell\" ><div id=\"panel-2326-2-0-0\" class=\"so-panel widget widget_sow-editor panel-first-child panel-last-child\" data-index=\"2\" ><div\n\t\t\t\n\t\t\tclass=\"so-widget-sow-editor so-widget-sow-editor-base\"\n\t\t\t\n\t\t>\n<div class=\"siteorigin-widget-tinymce textwidget\">\n\t<h2><strong>SourSop - Graviola - Hoja de Guanabana con la que puede ayudar:<\/strong><\/h2>\n<h3>Tratamiento del c\u00e1ncer<\/h3>\n<p>Ventajas de SourSop - La fruta de la guan\u00e1bana para el c\u00e1ncer es extremadamente importante en algunos pa\u00edses del sudeste asi\u00e1tico, con una confirmaci\u00f3n sorprendente. Estas son las ventajas m\u00e1s importantes de SourSop: la fruta de Guanabana se elimina. Numerosas investigaciones recomendaron que SourSop - Guanabana Leaf sea extremadamente poderoso para protegerlo de cualquier enfermedad relacionada con el c\u00e1ncer, por ejemplo, c\u00e1ncer de pulm\u00f3n, c\u00e1ncer de colon, c\u00e1ncer de seno, c\u00e1ncer de pr\u00f3stata, etc. Uno de los mejores ex\u00e1menes que hasta ahora se llev\u00f3 a cabo dice que las mezclas en un SourSop - Guanabana Leaf pueden reprimir las c\u00e9lulas cancerosas y pueden curar el c\u00e1ncer con mayor rapidez y contrastes productivos y la estrategia de quimioterapia progresiva.<\/p>\n<h3 style=\"text-align: justify;\">Prevenir la diabetes<\/h3>\n<p style=\"text-align: justify;\">Las ventajas m\u00e9dicas de SourSop - Guanabana Leaf para la diabetes podr\u00edan ser las mejores. Algunos ex\u00e1menes confirman que las hojas de SourSop - Guanabana Fruit podr\u00edan asentarse y mantener el nivel de glucosa en su cuerpo en el rango normal, entre 70 mg y 120 mg. Del mismo modo, las hojas de guan\u00e1bana SourSop generalmente son conocidas por su adecuaci\u00f3n contra cualquier enfermedad que pueda causar diabetes como el peso y altos niveles de az\u00facar en el cuerpo.<\/p>\n<h3 style=\"text-align: justify;\">Tratamiento de reumatica<\/h3>\n<p style=\"text-align: justify;\">En caso de que envejezca, la oportunidad de sufrir una enfermedad llamada reum\u00e1tica ser\u00e1 mayor. SourSop - Guanabana Fruit le ofrecer\u00e1 la respuesta para curar cualquier agon\u00eda causada por dolor en las articulaciones, como la reum\u00e1tica. En el caso de que necesite utilizar hojas de guan\u00e1bana como receta natural para luchar contra los reum\u00e1ticos, la progresi\u00f3n es b\u00e1sicamente la misma que cuando necesita utilizarlos para tratar la inflamaci\u00f3n de la piel. Puede golpear algunas hojas de guan\u00e1bana hasta el punto en que terminen notablemente suaves y aplicarlas sobre el cuerpo influenciado por el tormento causado por el dolor en las articulaciones dos veces al d\u00eda siempre.<\/p>\n<h3 style=\"text-align: justify;\">Tratamiento de hemorroides<\/h3>\n<p>Las hemorroides son un tipo de enfermedad que puede atacar el recto. Esta enfermedad podr\u00eda ser muy peligrosa porque puede hacer que el recto sangra, por lo que seguramente es muy doloroso para cada paciente que sufre de hemorroides.<\/p>\n<p>En caso de que necesite proteger su recto de esta infecci\u00f3n o en caso de que necesite mitigar el tormento causado por esta enfermedad, SourSop - Guanabana Leaf es extremadamente rentable para usted. SourSop: las hojas de guan\u00e1bana contienen exacerbaciones que pueden detener la filtraci\u00f3n del recto y, adem\u00e1s, pueden influir en los m\u00fasculos alrededor del recto para que se vuelvan notablemente m\u00e1s casuales que antes, de esta manera disminuir\u00e1 el tormento causado por las hemorroides.<\/p>\n<h3 style=\"text-align: justify;\">Tratamiento de dolencias hep\u00e1ticas y reducci\u00f3n de los niveles de glucosa<\/h3>\n<p style=\"text-align: justify;\">SourSop - Guanabana Leaves, si lo mezcla con un t\u00e9, tratar\u00e1 la enfermedad del h\u00edgado ya que SourSop - Guanabana Leaves podr\u00eda potenciar la generaci\u00f3n de hormona insulina ayudando a las c\u00e9lulas beta en el p\u00e1ncreas. Cerca de tratar enfermedades del h\u00edgado, SourSop - Guanabana Leaves tambi\u00e9n puede reducir sus niveles de glucosa en vista de la expansi\u00f3n en la creaci\u00f3n de la hormona insulina, lo que transformar\u00e1 la glucosa en vitalidad.<\/p>\n<h3 style=\"text-align: justify;\">Compuestos antienvejecimiento<\/h3>\n<p style=\"text-align: justify;\">SourSop - Las hojas de guan\u00e1bana contienen una alta cantidad de vitamina C, que ser\u00e1 excepcionalmente \u00fatil para descargar el agente de prevenci\u00f3n del c\u00e1ncer que puede luchar contra los radicales libres. Los radicales libres pueden causar una gran cantidad de problemas para el bienestar de su piel relacionados con indicaciones de maduraci\u00f3n, por ejemplo, arrugas, diferencias apenas reconocibles y una pigmentaci\u00f3n sustancial que puede influir en su apariencia en general. Este refuerzo celular te proteger\u00e1 de esos efectos secundarios, posteriormente estar\u00e1s m\u00e1s seguro que antes.<\/p>\n<h3 style=\"text-align: justify;\">Alivia el dolor<\/h3>\n<p style=\"text-align: justify;\">Seg\u00fan algunas investigaciones, SourSop - Guanabana Leaves contiene propiedades para aliviar el dolor, lo que ser\u00e1 extremadamente ventajoso para aliviar el tormento, ya sea en el interior o de forma remota. Puede aplicarlo adentro mordi\u00e9ndolo, o tambi\u00e9n puede aplicarlo remotamente coloc\u00e1ndolo en sus heridas abiertas. Si surgiera un tormento irracional, podr\u00eda burbujear alrededor de 20 hojas de SourSop - Guanabana y mezclarlo con el agua, y beberlo en cualquier momento una vez al d\u00eda, cada uno temprano en el d\u00eda y en la noche.<\/p>\n<h3 style=\"text-align: justify;\">Avances de sue\u00f1o<\/h3>\n<p style=\"text-align: justify;\">\u00bfSe da cuenta de que SourSop - Guanabana Leaves ser\u00eda excepcionalmente valioso para permitirle mostrar signos de mejora en la calidad del descanso? SourSop: las hojas de guan\u00e1bana tambi\u00e9n se pueden utilizar para avanzar en el descanso, ya que son una fuente decente de tratamiento basado en fragancias. Esta curaci\u00f3n fragante SourSop - Hoja de guan\u00e1bana lo influenciar\u00e1 a terminar notablemente casual y de esta manera, obtendr\u00e1 un descanso de calidad durante la noche. En este sentido, en el caso de que experimente un trastorno del sue\u00f1o, podr\u00eda intentar esta curaci\u00f3n fragante de cosecha propia.<\/p>\n<h3 style=\"text-align: justify;\">Protege tu cabello de los piojos<\/h3>\n<p style=\"text-align: justify;\">Aqu\u00ed y all\u00e1 podr\u00eda ser extremadamente dif\u00edcil mantener el sonido de su cabello en vista de la introducci\u00f3n de toxinas ecol\u00f3gicas y la luz del d\u00eda inmediata cuando hacemos nuestro horario diario. Esa ocurrencia puede causar numerosos problemas que pueden tratar la fuerza de nuestro cabello, por ejemplo, la caspa, la calvicie de patr\u00f3n masculino, el gris prematuro y los cierres divididos. En caso de que necesite mantener la solidez de su cabello, SourSop - Guanabana Leaf es una de las fuentes locales que debe considerar, ya que tiene algunas capacidades para frenar el desarrollo de par\u00e1sitos que podr\u00edan ser extremadamente destructivos para su cabello.<\/p>\n<p style=\"text-align: justify;\">\n<\/div>\n<\/div><\/div><\/div><div id=\"pgc-2326-2-1\"  class=\"panel-grid-cell\" ><div id=\"panel-2326-2-1-0\" class=\"so-panel widget widget_sow-editor panel-first-child\" data-index=\"3\" ><div\n\t\t\t\n\t\t\tclass=\"so-widget-sow-editor so-widget-sow-editor-base\"\n\t\t\t\n\t\t><h3 class=\"widget-title\">Receta<\/h3>\n<div class=\"siteorigin-widget-tinymce textwidget\">\n\t<ul>\n<li>6 hojas de guan\u00e1bana (frescas o secas)<\/li>\n<li>4 tazas de agua (filtrada)<\/li>\n<li>1 cucharadita de miel o az\u00facar, si lo desea<\/li>\n<\/ul>\n<ol>\n<li>Haga hervir el agua en una olla de acero inoxidable.<\/li>\n<li>Agregue las hojas y luego baje el fuego a fuego lento.<\/li>\n<li>Permita que la mezcla se remoje durante aproximadamente 15 minutos.<\/li>\n<li>Retire la olla del fuego y cuele la mezcla en una taza de t\u00e9 o una tetera.<\/li>\n<li>\u00a1Agregue edulcorante al gusto y disfrute!<\/li>\n<\/ol>\n<\/div>\n<\/div><\/div><div id=\"panel-2326-2-1-1\" class=\"so-panel widget widget_sow-image\" data-index=\"4\" ><div\n\t\t\t\n\t\t\tclass=\"so-widget-sow-image so-widget-sow-image-default-c67d20f9f743-2326\"\n\t\t\t\n\t\t>\n<div class=\"sow-image-container\">\n\t\t\t<a href=\"https:\/\/www.instagram.com\/handonsoursop\/\" target=\"_blank\" rel=\"noopener\">\n\t\t\t<img \n\tsrc=\"https:\/\/handonfruits.com\/wp-content\/uploads\/2018\/02\/tea.jpg\" width=\"289\" height=\"284\" sizes=\"(max-width: 289px) 100vw, 289px\" alt=\"SourSop Leaf Tea\" \t\tclass=\"so-widget-image\"\/>\n\t\t\t<\/a><\/div>\n\n<\/div><\/div><div id=\"panel-2326-2-1-2\" class=\"so-panel widget widget_sow-editor\" data-index=\"5\" ><div class=\"panel-widget-style panel-widget-style-for-2326-2-1-2\" ><div\n\t\t\t\n\t\t\tclass=\"so-widget-sow-editor so-widget-sow-editor-base\"\n\t\t\t\n\t\t>\n<div class=\"siteorigin-widget-tinymce textwidget\">\n\t<p style=\"text-align: justify;\">En particular, las hojas de guan\u00e1bana SourSop tienen exacerbaciones din\u00e1micas que pueden luchar contra las c\u00e9lulas cancerosas 10000 veces m\u00e1s s\u00f3lidas que la quimioterapia progresiva. De esta manera, en lugar de gastar enormes cantidades de dinero en efectivo para pagar su quimioterapia, debe considerar estas hojas de SourSop - Guanabana de otro mundo que son m\u00e1s fuertes y, adem\u00e1s, su idoneidad contra las c\u00e9lulas cancerosas ha demostrado efectivamente.<\/p>\n<\/div>\n<\/div><\/div><\/div><div id=\"panel-2326-2-1-3\" class=\"so-panel widget widget_sow-editor panel-last-child\" data-index=\"6\" ><div\n\t\t\t\n\t\t\tclass=\"so-widget-sow-editor so-widget-sow-editor-base\"\n\t\t\t\n\t\t><h3 class=\"widget-title\">Efectos secundarios del t\u00e9 de guan\u00e1bana<\/h3>\n<div class=\"siteorigin-widget-tinymce textwidget\">\n\t<div class=\"text-wrap tlid-copy-target\">\n<div class=\"result-shield-container tlid-copy-target\" tabindex=\"0\"><span class=\"tlid-translation translation\" lang=\"es\"><span class=\"\" title=\"\">Embarazo: bajo ninguna circunstancia las mujeres embarazadas o lactantes deben consumir t\u00e9 de guan\u00e1bana.<\/span><\/span><\/div>\n<\/div>\n<\/div>\n<\/div><\/div><\/div><\/div><\/div>","protected":false},"excerpt":{"rendered":"<p>LEER M\u00c1S SourSop &#8211; Graviola &#8211; Hoja de Guanabana con la que puede ayudar: Tratamiento del c\u00e1ncer Ventajas de SourSop [&hellip;]<\/p>\n","protected":false},"author":1,"featured_media":0,"parent":0,"menu_order":0,"comment_status":"closed","ping_status":"closed","template":"","meta":{"_monsterinsights_skip_tracking":false,"_monsterinsights_sitenote_active":false,"_monsterinsights_sitenote_note":"","_monsterinsights_sitenote_category":0,"footnotes":""},"class_list":["post-2326","page","type-page","status-publish","hentry"],"_links":{"self":[{"href":"https:\/\/handonfruits.com\/es\/wp-json\/wp\/v2\/pages\/2326","targetHints":{"allow":["GET"]}}],"collection":[{"href":"https:\/\/handonfruits.com\/es\/wp-json\/wp\/v2\/pages"}],"about":[{"href":"https:\/\/handonfruits.com\/es\/wp-json\/wp\/v2\/types\/page"}],"author":[{"embeddable":true,"href":"https:\/\/handonfruits.com\/es\/wp-json\/wp\/v2\/users\/1"}],"replies":[{"embeddable":true,"href":"https:\/\/handonfruits.com\/es\/wp-json\/wp\/v2\/comments?post=2326"}],"version-history":[{"count":5,"href":"https:\/\/handonfruits.com\/es\/wp-json\/wp\/v2\/pages\/2326\/revisions"}],"predecessor-version":[{"id":2679,"href":"https:\/\/handonfruits.com\/es\/wp-json\/wp\/v2\/pages\/2326\/revisions\/2679"}],"wp:attachment":[{"href":"https:\/\/handonfruits.com\/es\/wp-json\/wp\/v2\/media?parent=2326"}],"curies":[{"name":"wp","href":"https:\/\/api.w.org\/{rel}","templated":true}]}}