{"id":2323,"date":"2018-02-02T15:15:33","date_gmt":"2018-02-02T15:15:33","guid":{"rendered":"https:\/\/handonfruits.com\/\/privacy-policy\/"},"modified":"2021-05-31T07:33:14","modified_gmt":"2021-05-31T07:33:14","slug":"politicas-de-privacidad","status":"publish","type":"page","link":"https:\/\/handonfruits.com\/es\/politicas-de-privacidad\/","title":{"rendered":"Politicas de privacidad"},"content":{"rendered":"<div id=\"pl-2323\"  class=\"panel-layout\" ><div id=\"pg-2323-0\"  class=\"panel-grid panel-no-style\" ><div id=\"pgc-2323-0-0\"  class=\"panel-grid-cell\" ><div id=\"panel-2323-0-0-0\" class=\"so-panel widget widget_sow-editor panel-first-child panel-last-child\" data-index=\"0\" ><div\n\t\t\t\n\t\t\tclass=\"so-widget-sow-editor so-widget-sow-editor-base\"\n\t\t\t\n\t\t>\n<div class=\"siteorigin-widget-tinymce textwidget\">\n\t<p><strong> \u00bfQU\u00c9 HACEMOS CON SU INFORMACI\u00d3N? <\/strong><\/p>\n<p>Cuando compra algo de nuestra tienda, como parte del proceso de compra y venta, recopilamos la informaci\u00f3n personal que nos proporciona, como su nombre, direcci\u00f3n y direcci\u00f3n de correo electr\u00f3nico.<\/p>\n<p>Cuando navega por nuestra tienda, tambi\u00e9n recibimos autom\u00e1ticamente la direcci\u00f3n de protocolo de Internet (IP) de su computadora para proporcionarnos informaci\u00f3n que nos ayude a conocer su navegador y sistema operativo.<\/p>\n<p>Marketing por correo electr\u00f3nico (si corresponde): con su permiso, podemos enviarle correos electr\u00f3nicos sobre nuestra tienda, nuevos productos y otras actualizaciones.<\/p>\n<p><strong> CONSENTIMIENTO <\/strong><\/p>\n<p><strong> \u00bfC\u00d3MO OBTENGO MI CONSENTIMIENTO? <\/strong><\/p>\n<p>Cuando nos proporciona informaci\u00f3n personal para completar una transacci\u00f3n, verificar su tarjeta de cr\u00e9dito, hacer un pedido, organizar una entrega o devolver una compra, implicamos que acepta que la recopilemos y la usemos solo por ese motivo espec\u00edfico.<\/p>\n<p>Si solicitamos su informaci\u00f3n personal por un motivo secundario, como marketing, le pediremos directamente su consentimiento expreso o le daremos la oportunidad de decir que no.<\/p>\n<p><strong> \u00bfC\u00d3MO RETIRAR MI CONSENTIMIENTO? <\/strong><\/p>\n<p>Si despu\u00e9s de optar, cambia de opini\u00f3n, puede retirar su consentimiento para que nos comuniquemos con usted, para la recopilaci\u00f3n, uso o divulgaci\u00f3n continua de su informaci\u00f3n, en cualquier momento, contact\u00e1ndonos a info@greenjsproduce.com o envi\u00e1ndonos un correo nosotros en: Green J's Trading 54-08 46th St. Maspeth, NY 11378<\/p>\n<p><strong> DIVULGACI\u00d3N <\/strong><\/p>\n<p>Podemos divulgar su informaci\u00f3n personal si as\u00ed lo exige la ley o si usted viola nuestros T\u00e9rminos de servicio.<\/p>\n<p><strong> PAGO: <\/strong><\/p>\n<p>Si elige una pasarela de pago directo para completar su compra, Woocommerce almacena los datos de su tarjeta de cr\u00e9dito. Se cifra mediante el Est\u00e1ndar de seguridad de datos de la industria de tarjetas de pago (PCI-DSS). Los datos de su transacci\u00f3n de compra se almacenan solo el tiempo que sea necesario para completar su transacci\u00f3n de compra. Una vez que se completa, la informaci\u00f3n de la transacci\u00f3n de compra se elimina.<\/p>\n<p>Todas las pasarelas de pago directo se adhieren a los est\u00e1ndares establecidos por PCI-DSS administrados por el PCI Security Standards Council, que es un esfuerzo conjunto de marcas como Visa, MasterCard, American Express y Discover.<\/p>\n<p>Los requisitos de PCI-DSS ayudan a garantizar el manejo seguro de la informaci\u00f3n de la tarjeta de cr\u00e9dito por parte de nuestra tienda y sus proveedores de servicios.<\/p>\n<p><strong> SERVICIOS DE TERCEROS <\/strong><\/p>\n<p>En general, los proveedores de terceros que utilizamos solo recopilar\u00e1n, usar\u00e1n y divulgar\u00e1n su informaci\u00f3n en la medida necesaria para permitirles realizar los servicios que nos brindan.<\/p>\n<p>Sin embargo, ciertos proveedores de servicios de terceros, como las pasarelas de pago y otros procesadores de transacciones de pago, tienen sus propias pol\u00edticas de privacidad con respecto a la informaci\u00f3n que debemos proporcionarles para sus transacciones relacionadas con la compra.<\/p>\n<p>Para estos proveedores, le recomendamos que lea sus pol\u00edticas de privacidad, para que pueda comprender la forma en que estos proveedores manejar\u00e1n su informaci\u00f3n personal.<\/p>\n<p>En particular, recuerde que ciertos proveedores pueden estar ubicados o tener instalaciones ubicadas en una jurisdicci\u00f3n diferente a la suya o la nuestra. Por lo tanto, si elige continuar con una transacci\u00f3n que involucra los servicios de un proveedor de servicios externo, su informaci\u00f3n puede estar sujeta a las leyes de las jurisdicciones en las que se encuentra ese proveedor de servicios o sus instalaciones.<\/p>\n<p>Como ejemplo, si se encuentra en Canad\u00e1 y su transacci\u00f3n es procesada por una pasarela de pago ubicada en los Estados Unidos, entonces su informaci\u00f3n personal utilizada para completar esa transacci\u00f3n puede estar sujeta a divulgaci\u00f3n seg\u00fan la legislaci\u00f3n de los Estados Unidos, incluida la Ley Patriota.<\/p>\n<p>Una vez que abandona el sitio web de nuestra tienda o es redirigido a un sitio web o aplicaci\u00f3n de terceros, ya no se rige por esta Pol\u00edtica de privacidad ni por los T\u00e9rminos de servicio de nuestro sitio web.<\/p>\n<p>Cuando hace clic en los enlaces de nuestra tienda, pueden alejarlo de nuestro sitio. No somos responsables de las pr\u00e1cticas de privacidad de otros sitios y le recomendamos que lea sus declaraciones de privacidad.<\/p>\n<p><strong> SEGURIDAD <\/strong><\/p>\n<p>Para proteger su informaci\u00f3n personal, tomamos precauciones razonables y seguimos las mejores pr\u00e1cticas de la industria para asegurarnos de que no se pierda, utilice, acceda, divulgue, altere o destruya de manera inapropiada.<\/p>\n<p>Si nos proporciona la informaci\u00f3n de su tarjeta de cr\u00e9dito, la informaci\u00f3n se cifra utilizando la tecnolog\u00eda de capa de conexi\u00f3n segura (SSL) y se almacena con un cifrado AES-256. Aunque ning\u00fan m\u00e9todo de transmisi\u00f3n por Internet o almacenamiento electr\u00f3nico es 100% seguro, seguimos todos los requisitos de PCI-DSS e implementamos est\u00e1ndares adicionales de la industria generalmente aceptados.<\/p>\n<p><strong> EDAD DE CONSENTIMIENTO <\/strong><\/p>\n<p>Al usar este sitio, usted declara que tiene al menos la mayor\u00eda de edad en su estado o provincia de residencia, o que tiene la mayor\u00eda de edad en su estado o provincia de residencia y nos ha dado su consentimiento para permitir cualquiera de sus menores dependientes para usar este sitio.<\/p>\n<p><strong> CAMBIOS A ESTA POL\u00cdTICA DE PRIVACIDAD <\/strong><\/p>\n<p>Nos reservamos el derecho de modificar esta pol\u00edtica de privacidad en cualquier momento, por lo tanto, rev\u00edsela con frecuencia. Los cambios y aclaraciones entrar\u00e1n en vigencia inmediatamente despu\u00e9s de su publicaci\u00f3n en el sitio web. Si realizamos cambios sustanciales a esta pol\u00edtica, le notificaremos aqu\u00ed que se ha actualizado, para que sepa qu\u00e9 informaci\u00f3n recopilamos, c\u00f3mo la usamos y bajo qu\u00e9 circunstancias, si corresponde, usamos y \/ o divulgamos eso.<\/p>\n<p>Si nuestra tienda se adquiere o se fusiona con otra compa\u00f1\u00eda, su informaci\u00f3n puede transferirse a los nuevos propietarios para que podamos continuar vendi\u00e9ndole productos.<\/p>\n<p><strong> PREGUNTAS E INFORMACI\u00d3N DE CONTACTO <\/strong><\/p>\n<p>Si desea: acceder, corregir, modificar o eliminar cualquier informaci\u00f3n personal que tengamos sobre usted, registrar una queja o simplemente desea obtener m\u00e1s informaci\u00f3n para contactarnos en:<\/p>\n<ul>\n<li>54-08 46th St. Maspeth, NY 11378<\/li>\n<li>info@greenjsproduce.com<\/li>\n<li>greenjsproduce@gmail.com<\/li>\n<\/ul>\n<\/div>\n<\/div><\/div><\/div><\/div><\/div>","protected":false},"excerpt":{"rendered":"<p>\u00bfQU\u00c9 HACEMOS CON SU INFORMACI\u00d3N? Cuando compra algo de nuestra tienda, como parte del proceso de compra y venta, recopilamos [&hellip;]<\/p>\n","protected":false},"author":1,"featured_media":0,"parent":0,"menu_order":0,"comment_status":"closed","ping_status":"closed","template":"","meta":{"_monsterinsights_skip_tracking":false,"_monsterinsights_sitenote_active":false,"_monsterinsights_sitenote_note":"","_monsterinsights_sitenote_category":0,"footnotes":""},"class_list":["post-2323","page","type-page","status-publish","hentry"],"_links":{"self":[{"href":"https:\/\/handonfruits.com\/es\/wp-json\/wp\/v2\/pages\/2323","targetHints":{"allow":["GET"]}}],"collection":[{"href":"https:\/\/handonfruits.com\/es\/wp-json\/wp\/v2\/pages"}],"about":[{"href":"https:\/\/handonfruits.com\/es\/wp-json\/wp\/v2\/types\/page"}],"author":[{"embeddable":true,"href":"https:\/\/handonfruits.com\/es\/wp-json\/wp\/v2\/users\/1"}],"replies":[{"embeddable":true,"href":"https:\/\/handonfruits.com\/es\/wp-json\/wp\/v2\/comments?post=2323"}],"version-history":[{"count":4,"href":"https:\/\/handonfruits.com\/es\/wp-json\/wp\/v2\/pages\/2323\/revisions"}],"predecessor-version":[{"id":2785,"href":"https:\/\/handonfruits.com\/es\/wp-json\/wp\/v2\/pages\/2323\/revisions\/2785"}],"wp:attachment":[{"href":"https:\/\/handonfruits.com\/es\/wp-json\/wp\/v2\/media?parent=2323"}],"curies":[{"name":"wp","href":"https:\/\/api.w.org\/{rel}","templated":true}]}}