{"id":2316,"date":"2018-01-28T15:18:12","date_gmt":"2018-01-28T15:18:12","guid":{"rendered":"https:\/\/handonfruits.com\/\/about-soursop\/"},"modified":"2020-04-26T01:53:45","modified_gmt":"2020-04-26T01:53:45","slug":"todo-acerca-de-las-guanabanas","status":"publish","type":"page","link":"https:\/\/handonfruits.com\/es\/todo-acerca-de-las-guanabanas\/","title":{"rendered":"Todo acerca de las guanabanas"},"content":{"rendered":"<div id=\"pl-2316\"  class=\"panel-layout\" ><div id=\"pg-2316-0\"  class=\"panel-grid panel-no-style\" ><div id=\"pgc-2316-0-0\"  class=\"panel-grid-cell\" ><div id=\"panel-2316-0-0-0\" class=\"so-panel widget widget_sow-image panel-first-child panel-last-child\" data-index=\"0\" ><div\n\t\t\t\n\t\t\tclass=\"so-widget-sow-image so-widget-sow-image-default-c67d20f9f743-2316\"\n\t\t\t\n\t\t>\n<div class=\"sow-image-container\">\n\t\t<img fetchpriority=\"high\" \n\tsrc=\"https:\/\/handonfruits.com\/wp-content\/uploads\/2018\/02\/infographic_soursop_edited.jpg\" width=\"1600\" height=\"748\" srcset=\"https:\/\/handonfruits.com\/wp-content\/uploads\/2018\/02\/infographic_soursop_edited.jpg 1600w, https:\/\/handonfruits.com\/wp-content\/uploads\/2018\/02\/infographic_soursop_edited-400x187.jpg 400w, https:\/\/handonfruits.com\/wp-content\/uploads\/2018\/02\/infographic_soursop_edited-300x140.jpg 300w, https:\/\/handonfruits.com\/wp-content\/uploads\/2018\/02\/infographic_soursop_edited-768x359.jpg 768w, https:\/\/handonfruits.com\/wp-content\/uploads\/2018\/02\/infographic_soursop_edited-1024x479.jpg 1024w\" sizes=\"(max-width: 1600px) 100vw, 1600px\" alt=\"infographic_soursop\" \t\tclass=\"so-widget-image\"\/>\n\t<\/div>\n\n<\/div><\/div><\/div><\/div><div id=\"pg-2316-1\"  class=\"panel-grid panel-no-style\" ><div id=\"pgc-2316-1-0\"  class=\"panel-grid-cell\" ><div id=\"panel-2316-1-0-0\" class=\"so-panel widget widget_themegrill_flash_heading tg-widget section-title-wrapper panel-first-child panel-last-child\" data-index=\"1\" >\t<h3 class=\"section-title\">LEER M\u00c1S<\/h3>\n<\/div><\/div><\/div><div id=\"pg-2316-2\"  class=\"panel-grid panel-no-style\" ><div id=\"pgc-2316-2-0\"  class=\"panel-grid-cell\" ><div id=\"panel-2316-2-0-0\" class=\"so-panel widget widget_sow-editor panel-first-child panel-last-child\" data-index=\"2\" ><div\n\t\t\t\n\t\t\tclass=\"so-widget-sow-editor so-widget-sow-editor-base\"\n\t\t\t\n\t\t>\n<div class=\"siteorigin-widget-tinymce textwidget\">\n\t<h2 style = \"text-align: justify;\"> Fruta SourSop-Guanabana <\/h2>\n<h3 style = \"text-align: justify;\"> Beneficios de la guan\u00e1bana <\/h3>\n<ul style = \"text-align: justify;\">\n<li> Potente contra las c\u00e9lulas cancerosas <\/li>\n<li> Ayuda en la estabilizaci\u00f3n de la funci\u00f3n hep\u00e1tica <\/li>\n<li> Bueno para el colesterol y la inflamaci\u00f3n del colon <\/li>\n<li> Lucha contra la hipertensi\u00f3n y el asma <\/li>\n<li> Bueno para el insomnio y el nerviosismo <\/li>\n<\/ul>\n<h3 style = \"text-align: justify;\"> Historia de SourSop <\/h3>\n<p style = \"text-align: justify;\"> Aunque no es tan grande como la fruta de jaca, <strong> SourSop - Guanabana Fruit <\/strong> todav\u00eda tiene algo de peso en cualquier lugar de cuatro a 12 pulgadas de ancho, hasta seis pulgadas de largo y puede pesar hasta 15 libras creciendo de un \u00e1rbol que puede alcanzar hasta 30 pies de altura. Esta fruta tropical generalmente es ovalada o en forma de coraz\u00f3n, pero puede tener una forma irregular, principalmente debido a problemas con los insectos durante el desarrollo. <\/p>\n<p style = \"text-align: justify;\"> <strong> SourSop - Guanabana Fruit <\/strong> tiene una piel espinosa que no es comestible y es verde oscuro hasta que madura cuando adquiere un color verde amarillento. Tiene un aroma y sabor similar a la pi\u00f1a pero tambi\u00e9n un poco almizclado. La carne es de color blanquecino, granular, fibrosa y jugosa. Crece en segmentos donde hay una semilla negra ovalada, lisa, dura, de aproximadamente 1\/2 a 3\/4 de pulgada de largo que contiene desde unas pocas docenas hasta 200 o m\u00e1s semillas. <\/p>\n<p style = \"text-align: justify;\"> Uno de los primeros \u00e1rboles frutales transportados literalmente de Am\u00e9rica al sudeste de China, Australia y \u00c1frica occidental, <strong> SourSop - Guanabana Fruit <\/strong> ha sido se\u00f1alado por Oviedo como una fruta abundante ya en 1526. <strong> SourSop - Guanabana Fruit <\/strong> ha crecido en Florida durante casi 110 a\u00f1os y catalogado por la American Pomological Society en 1879 como una fruta de Florida. A menudo se encuentra en huertos familiares. Cuban <strong> SourSop - Guanabana Fruit <\/strong> comenz\u00f3 a venderse en Key West, Florida, en 1887 de 10 centavos a 50 centavos cada uno, pero Columbia produce la guan\u00e1bana de la m\u00e1s alta calidad y es una de las 14 frutas tropicales que el El Instituto Latinoamericano de Mercadeo Agricola ha destacado como fuerte para la siembra y comercializaci\u00f3n a gran escala. <strong> SourSop - Guanabana Fruit <\/strong> se producen en peque\u00f1as parcelas en toda Venezuela, lo que proporciona el suministro para las plantas de procesamiento donde se fabrica el concentrado congelado, y la pulpa filtrada se conserva comercialmente en Costa Rica. <\/p>\n<p style = \"text-align: justify;\"> Si bien el sabor es suficiente para hacer de esta una fruta popular, el rico contenido de vitaminas y nutrientes de la fruta incluye vitamina C, vitamina B y varios compuestos antioxidantes. El jugo se ha usado t\u00f3picamente, mientras que las semillas pulverizadas y las decocciones hechas de hojas tambi\u00e9n son formas populares de remedios naturales. Tambi\u00e9n puede usar las hojas y las semillas pulverizadas para preparar un <a href=\"https:\/\/greenjsproduce.com\/soursop-leaf\/\" target=\"_blank\" rel=\"noopener\"> t\u00e9 poderoso <\/a>, que tambi\u00e9n tiene una serie de efectos impresionantes en el cuerpo humano. . La pulpa tambi\u00e9n se usa para hacer n\u00e9ctar de frutas, batidos, jugos de frutas, as\u00ed como dulces, sorbetes y saborizantes de helados. A menudo se usa como postre como \u00fanico ingrediente, o como <i> <a class=\"mw-redirect\" title=\"Agua fresca\" href=\"https:\/\/en.wikipedia.org\/wiki\/Agua_fresca\" target=\"_blank\" rel=\"noopener\"> agua fresca <\/a> <\/i> bebida; en Colombia y Venezuela, es una fruta para jugos, mezclada con leche. <\/p>\n<p style = \"text-align: justify;\"> En Cuba, un licuado espeso hecho de <strong> SourSop - Guanabana <em> Pulp <\/em> <\/strong>, leche y az\u00facar de ca\u00f1a se conoce con el nombre de < i> champola . Las barras de helado y fruta hechas de <strong> SourSop - Guanabana Fruit <\/strong> tambi\u00e9n son muy populares. Las semillas normalmente se dejan en la preparaci\u00f3n y se eliminan mientras se consumen, a menos que se use una licuadora para el procesamiento. Por lo general, las frutas se toman del \u00e1rbol cuando maduran y se dejan madurar en un rinc\u00f3n oscuro, donde luego se comer\u00e1n cuando est\u00e9n completamente maduras. Tiene una flor blanca con un aroma muy agradable, especialmente en la ma\u00f1ana. <\/p>\n<h3> SourSop Smothie <\/h3>\n<p style = \"text-align: justify;\"> La guan\u00e1bana tiene un sabor tan \u00fanico, es muy perfumada (algo as\u00ed como una pi\u00f1a) y tiene una textura muy suave. Esto significa que es mejor si se mantiene muy simple. La mayor\u00eda de las personas preparar\u00e1n jugos o batidos usando la fruta solo combinada con agua, que es fina y absolutamente sabrosa. Pero disfrutar\u00e1 si lo mezcla con leche de coco o agua de coco, porque estos dos sabores son tan perfectos juntos. <\/p>\n<\/div>\n<\/div><\/div><\/div><div id=\"pgc-2316-2-1\"  class=\"panel-grid-cell\" ><div id=\"panel-2316-2-1-0\" class=\"so-panel widget widget_sow-editor panel-first-child\" data-index=\"3\" ><div class=\"panel-widget-style panel-widget-style-for-2316-2-1-0\" ><div\n\t\t\t\n\t\t\tclass=\"so-widget-sow-editor so-widget-sow-editor-base\"\n\t\t\t\n\t\t><h3 class=\"widget-title\">Batido De Guan\u00e1bana<\/h3>\n<div class=\"siteorigin-widget-tinymce textwidget\">\n\t<p>INGREDIENTES<\/p>\n<ul>\n<li> 1 guan\u00e1bana madura <\/li>\n<li> 1\/2 taza de agua de coco <\/li>\n<li> \u00bd taza de leche de almendras <\/li>\n<li> 1 banana mediana congelada <\/li>\n<li> 1\/8 cucharadita de nuez moscada <\/li>\n<li> \u215b cucharadita de canela <\/li>\n<li> 1 cucharadita de saborizante de vainilla <\/li>\n<\/ul>\n<p>DIRECCIONES:<\/p>\n<ol>\n<li> En una licuadora, coloque la guan\u00e1bana, el agua de coco y la leche de almendras. Lic\u00faa hasta que quede suave. <\/li>\n<li> Luego agregue los ingredientes restantes y mezcle hasta que quede suave. <\/li>\n<li> Para un batido m\u00e1s espeso, use menos ingredientes l\u00edquidos. Para un batido m\u00e1s fino, agregue m\u00e1s leche de almendras. <\/li>\n<li> Una vez que tenga el batido en la consistencia deseada, vierta en un vaso, espolvoree la parte superior con canela. <\/li>\n<li> Agregue una rama de canela para darle un toque agradable. <\/li>\n<\/ol>\n<\/div>\n<\/div><\/div><\/div><div id=\"panel-2316-2-1-1\" class=\"so-panel widget widget_sow-image panel-last-child\" data-index=\"4\" ><div class=\"panel-widget-style panel-widget-style-for-2316-2-1-1\" ><div\n\t\t\t\n\t\t\tclass=\"so-widget-sow-image so-widget-sow-image-default-c67d20f9f743-2316\"\n\t\t\t\n\t\t>\n<div class=\"sow-image-container\">\n\t\t<img \n\tsrc=\"https:\/\/handonfruits.com\/wp-content\/uploads\/2018\/03\/graviola_milkshake_02.jpg\" width=\"303\" height=\"412\" srcset=\"https:\/\/handonfruits.com\/wp-content\/uploads\/2018\/03\/graviola_milkshake_02.jpg 303w, https:\/\/handonfruits.com\/wp-content\/uploads\/2018\/03\/graviola_milkshake_02-221x300.jpg 221w\" sizes=\"(max-width: 303px) 100vw, 303px\" alt=\"\" \t\tclass=\"so-widget-image\"\/>\n\t<\/div>\n\n<\/div><\/div><\/div><\/div><\/div><div id=\"pg-2316-3\"  class=\"panel-grid panel-no-style\" ><div id=\"pgc-2316-3-0\"  class=\"panel-grid-cell\" ><div id=\"panel-2316-3-0-0\" class=\"so-panel widget widget_sow-editor panel-first-child panel-last-child\" data-index=\"5\" ><div\n\t\t\t\n\t\t\tclass=\"so-widget-sow-editor so-widget-sow-editor-base\"\n\t\t\t\n\t\t>\n<div class=\"siteorigin-widget-tinymce textwidget\">\n\t<p> <span style = \"color: # 99cc00;\"> No tome suplementos de guan\u00e1bana si est\u00e1 embarazada o en periodo de lactancia o con medicamentos, ya que puede tener un efecto adverso. Se ha informado que las semillas contienen casi el 50 por ciento de un aceite que es un veneno irritante que puede causar inflamaci\u00f3n ocular grave. En cualquier caso, tenga cuidado al consumir SourSop y ev\u00edtelo si tiene alguna inquietud. <\/span> <\/p>\n<\/div>\n<\/div><\/div><\/div><\/div><\/div>","protected":false},"excerpt":{"rendered":"<p>LEER M\u00c1S Fruta SourSop-Guanabana Beneficios de la guan\u00e1bana Potente contra las c\u00e9lulas cancerosas Ayuda en la estabilizaci\u00f3n de la funci\u00f3n [&hellip;]<\/p>\n","protected":false},"author":1,"featured_media":0,"parent":0,"menu_order":0,"comment_status":"closed","ping_status":"closed","template":"","meta":{"_monsterinsights_skip_tracking":false,"_monsterinsights_sitenote_active":false,"_monsterinsights_sitenote_note":"","_monsterinsights_sitenote_category":0,"footnotes":""},"class_list":["post-2316","page","type-page","status-publish","hentry"],"_links":{"self":[{"href":"https:\/\/handonfruits.com\/es\/wp-json\/wp\/v2\/pages\/2316","targetHints":{"allow":["GET"]}}],"collection":[{"href":"https:\/\/handonfruits.com\/es\/wp-json\/wp\/v2\/pages"}],"about":[{"href":"https:\/\/handonfruits.com\/es\/wp-json\/wp\/v2\/types\/page"}],"author":[{"embeddable":true,"href":"https:\/\/handonfruits.com\/es\/wp-json\/wp\/v2\/users\/1"}],"replies":[{"embeddable":true,"href":"https:\/\/handonfruits.com\/es\/wp-json\/wp\/v2\/comments?post=2316"}],"version-history":[{"count":5,"href":"https:\/\/handonfruits.com\/es\/wp-json\/wp\/v2\/pages\/2316\/revisions"}],"predecessor-version":[{"id":2705,"href":"https:\/\/handonfruits.com\/es\/wp-json\/wp\/v2\/pages\/2316\/revisions\/2705"}],"wp:attachment":[{"href":"https:\/\/handonfruits.com\/es\/wp-json\/wp\/v2\/media?parent=2316"}],"curies":[{"name":"wp","href":"https:\/\/api.w.org\/{rel}","templated":true}]}}