{"id":2314,"date":"2015-09-03T04:58:53","date_gmt":"2015-09-03T04:58:53","guid":{"rendered":"https:\/\/handonfruits.com\/\/about\/"},"modified":"2021-11-25T20:14:51","modified_gmt":"2021-11-25T20:14:51","slug":"acerca-de-nosotros","status":"publish","type":"page","link":"https:\/\/handonfruits.com\/es\/acerca-de-nosotros\/","title":{"rendered":"Acerca de Nosotros"},"content":{"rendered":"<div id=\"pl-2314\"  class=\"panel-layout\" ><div id=\"pg-2314-0\"  class=\"panel-grid panel-no-style\" ><div id=\"pgc-2314-0-0\"  class=\"panel-grid-cell\" ><div id=\"panel-2314-0-0-0\" class=\"so-panel widget widget_sow-editor panel-first-child\" data-index=\"0\" ><div\n\t\t\t\n\t\t\tclass=\"so-widget-sow-editor so-widget-sow-editor-base\"\n\t\t\t\n\t\t>\n<div class=\"siteorigin-widget-tinymce textwidget\">\n\t<h3>Green J's Produce - @HandOnFruits<\/h3>\n<p style=\"text-align: justify;\">De propiedad y operaci\u00f3n familiar, Green J's Trading Corp. es una compa\u00f1\u00eda en el estado de Nueva York bien establecida desde 2015 que sirve a marcas de supermercados exclusivas y muy bien seleccionadas y reconocidas en la ciudad de Nueva York, Long Island, ciudades cercanas de Nueva Jersey y Connecticut con nuestros productos exclusivos disponibles en nuestros territorios semanalmente durante todo el a\u00f1o.<\/p>\n<p style=\"text-align: justify;\">Prestando atenci\u00f3n a las necesidades de las personas de productos frescos y exclusivos, decidimos abrir nuestro comercio electr\u00f3nico bajo el nombre de <a href=\"\/\">www.hanOnFruits.com<\/a> y <a href=\"https:\/\/www.facebook.com\/handOnSoursop\/\" target=\"_blank\" rel=\"noopener\">Facebook<\/a> e\u00a0<a href=\"https:\/\/www.instagram.com\/handonsoursop\/\" target=\"_blank\" rel=\"noopener\">InstaGram<\/a> cuentas de medios sociales @HandOnFruits para manejar exclusivamente consumidores finales. Para mantener nuestra principal prioridad, la frescura de nuestro producto, trabajamos semanalmente para realizar pedidos en cualquier direcci\u00f3n dentro del territorio de EE. UU. De 1 a 3 d\u00edas en colaboraci\u00f3n con nuestros socios log\u00edsticos.<\/p>\n<p><img decoding=\"async\" class=\"alignnone wp-image-1310 size-medium\" src=\"\/wp-content\/uploads\/2018\/03\/logistic_04-1-300x53.jpg\" alt=\"\" width=\"300\" height=\"53\" srcset=\"https:\/\/handonfruits.com\/wp-content\/uploads\/2018\/03\/logistic_04-1-300x53.jpg 300w, https:\/\/handonfruits.com\/wp-content\/uploads\/2018\/03\/logistic_04-1-400x70.jpg 400w, https:\/\/handonfruits.com\/wp-content\/uploads\/2018\/03\/logistic_04-1.jpg 523w\" sizes=\"(max-width: 300px) 100vw, 300px\" \/><\/p>\n<div>\n<div class=\"rc\"><code>\n<div id=\"sb_instagram\"  class=\"sbi sbi_mob_col_1 sbi_tab_col_2 sbi_col_4\" style=\"padding-bottom: 2px; width: 100%;\"\t data-feedid=\"*1\"  data-res=\"auto\" data-cols=\"4\" data-colsmobile=\"1\" data-colstablet=\"2\" data-num=\"4\" data-nummobile=\"\" data-item-padding=\"1\"\t data-shortcode-atts=\"{}\"  data-postid=\"2314\" data-locatornonce=\"a583d8823c\" data-imageaspectratio=\"1:1\" data-sbi-flags=\"favorLocal\">\n\t\n\t<div id=\"sbi_images\"  style=\"gap: 2px;\">\n\t\t\t<\/div>\n\n\t<div id=\"sbi_load\" >\n\n\t\n\t\t\t<span class=\"sbi_follow_btn sbi_custom\" >\n\t\t\t<a target=\"_blank\" rel=\"nofollow noopener\" href=\"https:\/\/www.instagram.com\/17841406396431641\/\" style=\"background: rgb(8,130,53);color: rgb(255,255,255);\">\n\t\t\t\t<svg class=\"svg-inline--fa fa-instagram fa-w-14\" aria-hidden=\"true\" data-fa-processed=\"\" aria-label=\"Instagram\" data-prefix=\"fab\" data-icon=\"instagram\" role=\"img\" viewBox=\"0 0 448 512\">\n                    <path fill=\"currentColor\" d=\"M224.1 141c-63.6 0-114.9 51.3-114.9 114.9s51.3 114.9 114.9 114.9S339 319.5 339 255.9 287.7 141 224.1 141zm0 189.6c-41.1 0-74.7-33.5-74.7-74.7s33.5-74.7 74.7-74.7 74.7 33.5 74.7 74.7-33.6 74.7-74.7 74.7zm146.4-194.3c0 14.9-12 26.8-26.8 26.8-14.9 0-26.8-12-26.8-26.8s12-26.8 26.8-26.8 26.8 12 26.8 26.8zm76.1 27.2c-1.7-35.9-9.9-67.7-36.2-93.9-26.2-26.2-58-34.4-93.9-36.2-37-2.1-147.9-2.1-184.9 0-35.8 1.7-67.6 9.9-93.9 36.1s-34.4 58-36.2 93.9c-2.1 37-2.1 147.9 0 184.9 1.7 35.9 9.9 67.7 36.2 93.9s58 34.4 93.9 36.2c37 2.1 147.9 2.1 184.9 0 35.9-1.7 67.7-9.9 93.9-36.2 26.2-26.2 34.4-58 36.2-93.9 2.1-37 2.1-147.8 0-184.8zM398.8 388c-7.8 19.6-22.9 34.7-42.6 42.6-29.5 11.7-99.5 9-132.1 9s-102.7 2.6-132.1-9c-19.6-7.8-34.7-22.9-42.6-42.6-11.7-29.5-9-99.5-9-132.1s-2.6-102.7 9-132.1c7.8-19.6 22.9-34.7 42.6-42.6 29.5-11.7 99.5-9 132.1-9s102.7-2.6 132.1 9c19.6 7.8 34.7 22.9 42.6 42.6 11.7 29.5 9 99.5 9 132.1s2.7 102.7-9 132.1z\"><\/path>\n                <\/svg>\t\t\t\t<span>Instagram | @handOnSourSop<\/span>\n\t\t\t<\/a>\n\t\t<\/span>\n\t\n<\/div>\n\t\t<span class=\"sbi_resized_image_data\" data-feed-id=\"*1\"\n\t\t  data-resized=\"[]\">\n\t<\/span>\n\t<\/div>\n\n<\/code><\/div>\n<\/div>\n<div>\n<div class=\"lc\"><\/div>\n<\/div>\n<\/div>\n<\/div><\/div><div id=\"panel-2314-0-0-1\" class=\"so-panel widget widget_sow-button panel-last-child\" data-index=\"1\" ><div\n\t\t\t\n\t\t\tclass=\"so-widget-sow-button so-widget-sow-button-atom-6f0c33f5fc3c-2314\"\n\t\t\t\n\t\t><div class=\"ow-button-base ow-button-align-left\"\n>\n\t\t\t<a\n\t\t\t\t\thref=\"\/tienda\/\"\n\t\t\t\t\tclass=\"visitbutton sowb-button ow-icon-placement-right ow-button-hover\" id=\"visitourshop\" title=\"shop\" \t>\n\t\t<span>\n\t\t\t<span class=\"sow-icon-fontawesome sow-fab\" data-sow-icon=\"&#xf23d;\"\n\t\tstyle=\"\" \n\t\taria-hidden=\"true\"><\/span>\n\t\t\tVisita nuestra tienda ahora\t\t<\/span>\n\t\t\t<\/a>\n\t<\/div>\n<\/div><\/div><\/div><div id=\"pgc-2314-0-1\"  class=\"panel-grid-cell\" ><div id=\"panel-2314-0-1-0\" class=\"so-panel widget widget_sow-contact-form panel-first-child panel-last-child\" data-index=\"2\" ><div\n\t\t\t\n\t\t\tclass=\"so-widget-sow-contact-form so-widget-sow-contact-form-default-6da68fd20ede-2314\"\n\t\t\t\n\t\t><h3 class=\"widget-title\">Cont\u00e1ctenos<\/h3>\t<form\n\t\taction=\"\/es\/wp-json\/wp\/v2\/pages\/2314\"\n\t\tmethod=\"POST\"\n\t\tclass=\"sow-contact-form\"\n\t\tid=\"contact-form-d717\"\n\t>\n\n\t\t\n\t\t\t\t\t<div class=\"sow-form-field sow-form-field-name\">\n\t\t\t\t<label class=\"sow-form-field-label-above\" for=\"sow-contact-form-field-nombre-1\">\n\t\t\t\t<strong>\n\t\t\t\t\tNombre*\t\t\t\t\t\t\t\t\t<\/strong>\n\t\t\t<\/label>\n\t\t\t\t\t\t\t<div class=\"sow-field-container\">\n\t\t\t\t\t\t\t<input\n\t\t\ttype=\"text\"\n\t\t\tname=\"nombre-1\"\n\t\t\tid=\"sow-contact-form-field-nombre-1\"\n\t\t\tvalue=\"\"\n\t\t\tclass=\"sow-text-field\"\n\t\t\t\t\t\t\t\t\/>\n\t\t\t\t\t\t<\/div>\n\t\t\t\t\t\t\t<\/div>\n\t\t\t\t\t\t<div class=\"sow-form-field sow-form-field-email\">\n\t\t\t\t<label class=\"sow-form-field-label-above\" for=\"sow-contact-form-field-correo-electronico-1\">\n\t\t\t\t<strong>\n\t\t\t\t\tCorreo electr\u00f3nico*\t\t\t\t\t\t\t\t\t<\/strong>\n\t\t\t<\/label>\n\t\t\t\t\t\t\t<div class=\"sow-field-container\">\n\t\t\t\t\t\t\t<input\n\t\t\ttype=\"email\"\n\t\t\tname=\"correo-electronico-1\"\n\t\t\tid=\"sow-contact-form-field-correo-electronico-1\"\n\t\t\tvalue=\"\"\n\t\t\tclass=\"sow-text-field\"\t\t\t\t\t\t\t\t\/>\n\t\t\t\t\t\t<\/div>\n\t\t\t\t\t\t\t<\/div>\n\t\t\t\t\t\t<div class=\"sow-form-field sow-form-field-select\">\n\t\t\t\t<label class=\"sow-form-field-label-above\" for=\"sow-contact-form-field-su-estado-1\">\n\t\t\t\t<strong>\n\t\t\t\t\tSu estado*\t\t\t\t\t\t\t\t\t<\/strong>\n\t\t\t<\/label>\n\t\t\t\t\t\t\t<div class=\"sow-field-container\">\n\t\t\t\t\t\t\t<select\n\t\t\tname=\"su-estado-1\"\n\t\t\tid=\"sow-contact-form-field-su-estado-1\"\n\t\t\taria-describedby=\"sow-contact-form-field-su-estado-1-description\" \t\t\t\t\t>\n\t\t\t\t\t\t\t\t<option selected ><\/option>\n\t\t\t\t\t\t\t\t\t\t<option\n\t\t\t\t\t\tvalue=\"\" selected='selected'>\n\t\t\t\t\t\t\t\t\t\t\t<\/option>\n\t\t\t\t\t\t\t\t\t<option\n\t\t\t\t\t\tvalue=\"Alabama\">\n\t\t\t\t\t\tAlabama\t\t\t\t\t<\/option>\n\t\t\t\t\t\t\t\t\t<option\n\t\t\t\t\t\tvalue=\"Alaska\">\n\t\t\t\t\t\tAlaska\t\t\t\t\t<\/option>\n\t\t\t\t\t\t\t\t\t<option\n\t\t\t\t\t\tvalue=\"Arizona\">\n\t\t\t\t\t\tArizona\t\t\t\t\t<\/option>\n\t\t\t\t\t\t\t\t\t<option\n\t\t\t\t\t\tvalue=\"Arkansas\">\n\t\t\t\t\t\tArkansas\t\t\t\t\t<\/option>\n\t\t\t\t\t\t\t\t\t<option\n\t\t\t\t\t\tvalue=\"California\">\n\t\t\t\t\t\tCalifornia\t\t\t\t\t<\/option>\n\t\t\t\t\t\t\t\t\t<option\n\t\t\t\t\t\tvalue=\"Colorado\">\n\t\t\t\t\t\tColorado\t\t\t\t\t<\/option>\n\t\t\t\t\t\t\t\t\t<option\n\t\t\t\t\t\tvalue=\"Connecticut\">\n\t\t\t\t\t\tConnecticut\t\t\t\t\t<\/option>\n\t\t\t\t\t\t\t\t\t<option\n\t\t\t\t\t\tvalue=\"Delaware\">\n\t\t\t\t\t\tDelaware\t\t\t\t\t<\/option>\n\t\t\t\t\t\t\t\t\t<option\n\t\t\t\t\t\tvalue=\"Florida\">\n\t\t\t\t\t\tFlorida\t\t\t\t\t<\/option>\n\t\t\t\t\t\t\t\t\t<option\n\t\t\t\t\t\tvalue=\"Georgia\">\n\t\t\t\t\t\tGeorgia\t\t\t\t\t<\/option>\n\t\t\t\t\t\t\t\t\t<option\n\t\t\t\t\t\tvalue=\"Hawaii\">\n\t\t\t\t\t\tHawaii\t\t\t\t\t<\/option>\n\t\t\t\t\t\t\t\t\t<option\n\t\t\t\t\t\tvalue=\"Idaho\">\n\t\t\t\t\t\tIdaho\t\t\t\t\t<\/option>\n\t\t\t\t\t\t\t\t\t<option\n\t\t\t\t\t\tvalue=\"Illinois\">\n\t\t\t\t\t\tIllinois\t\t\t\t\t<\/option>\n\t\t\t\t\t\t\t\t\t<option\n\t\t\t\t\t\tvalue=\"Indiana\">\n\t\t\t\t\t\tIndiana\t\t\t\t\t<\/option>\n\t\t\t\t\t\t\t\t\t<option\n\t\t\t\t\t\tvalue=\"Iowa\">\n\t\t\t\t\t\tIowa\t\t\t\t\t<\/option>\n\t\t\t\t\t\t\t\t\t<option\n\t\t\t\t\t\tvalue=\"Kansas\">\n\t\t\t\t\t\tKansas\t\t\t\t\t<\/option>\n\t\t\t\t\t\t\t\t\t<option\n\t\t\t\t\t\tvalue=\"Kentucky\">\n\t\t\t\t\t\tKentucky\t\t\t\t\t<\/option>\n\t\t\t\t\t\t\t\t\t<option\n\t\t\t\t\t\tvalue=\"Louisiana\">\n\t\t\t\t\t\tLouisiana\t\t\t\t\t<\/option>\n\t\t\t\t\t\t\t\t\t<option\n\t\t\t\t\t\tvalue=\"Maine\">\n\t\t\t\t\t\tMaine\t\t\t\t\t<\/option>\n\t\t\t\t\t\t\t\t\t<option\n\t\t\t\t\t\tvalue=\"Maryland\">\n\t\t\t\t\t\tMaryland\t\t\t\t\t<\/option>\n\t\t\t\t\t\t\t\t\t<option\n\t\t\t\t\t\tvalue=\"Massachusetts\">\n\t\t\t\t\t\tMassachusetts\t\t\t\t\t<\/option>\n\t\t\t\t\t\t\t\t\t<option\n\t\t\t\t\t\tvalue=\"Michigan\">\n\t\t\t\t\t\tMichigan\t\t\t\t\t<\/option>\n\t\t\t\t\t\t\t\t\t<option\n\t\t\t\t\t\tvalue=\"Minnesota\">\n\t\t\t\t\t\tMinnesota\t\t\t\t\t<\/option>\n\t\t\t\t\t\t\t\t\t<option\n\t\t\t\t\t\tvalue=\"Mississippi\">\n\t\t\t\t\t\tMississippi\t\t\t\t\t<\/option>\n\t\t\t\t\t\t\t\t\t<option\n\t\t\t\t\t\tvalue=\"Missouri\">\n\t\t\t\t\t\tMissouri\t\t\t\t\t<\/option>\n\t\t\t\t\t\t\t\t\t<option\n\t\t\t\t\t\tvalue=\"Montana\">\n\t\t\t\t\t\tMontana\t\t\t\t\t<\/option>\n\t\t\t\t\t\t\t\t\t<option\n\t\t\t\t\t\tvalue=\"Nebraska\">\n\t\t\t\t\t\tNebraska\t\t\t\t\t<\/option>\n\t\t\t\t\t\t\t\t\t<option\n\t\t\t\t\t\tvalue=\"Nevada\">\n\t\t\t\t\t\tNevada\t\t\t\t\t<\/option>\n\t\t\t\t\t\t\t\t\t<option\n\t\t\t\t\t\tvalue=\"New Hampshire\">\n\t\t\t\t\t\tNew Hampshire\t\t\t\t\t<\/option>\n\t\t\t\t\t\t\t\t\t<option\n\t\t\t\t\t\tvalue=\"New Jersey\">\n\t\t\t\t\t\tNew Jersey\t\t\t\t\t<\/option>\n\t\t\t\t\t\t\t\t\t<option\n\t\t\t\t\t\tvalue=\"New Mexico\">\n\t\t\t\t\t\tNew Mexico\t\t\t\t\t<\/option>\n\t\t\t\t\t\t\t\t\t<option\n\t\t\t\t\t\tvalue=\"New York\">\n\t\t\t\t\t\tNew York\t\t\t\t\t<\/option>\n\t\t\t\t\t\t\t\t\t<option\n\t\t\t\t\t\tvalue=\"North Carolina\">\n\t\t\t\t\t\tNorth Carolina\t\t\t\t\t<\/option>\n\t\t\t\t\t\t\t\t\t<option\n\t\t\t\t\t\tvalue=\"North Dakota\">\n\t\t\t\t\t\tNorth Dakota\t\t\t\t\t<\/option>\n\t\t\t\t\t\t\t\t\t<option\n\t\t\t\t\t\tvalue=\"Ohio\">\n\t\t\t\t\t\tOhio\t\t\t\t\t<\/option>\n\t\t\t\t\t\t\t\t\t<option\n\t\t\t\t\t\tvalue=\"Oklahoma\">\n\t\t\t\t\t\tOklahoma\t\t\t\t\t<\/option>\n\t\t\t\t\t\t\t\t\t<option\n\t\t\t\t\t\tvalue=\"Oregon\">\n\t\t\t\t\t\tOregon\t\t\t\t\t<\/option>\n\t\t\t\t\t\t\t\t\t<option\n\t\t\t\t\t\tvalue=\"Pennsylvania\">\n\t\t\t\t\t\tPennsylvania\t\t\t\t\t<\/option>\n\t\t\t\t\t\t\t\t\t<option\n\t\t\t\t\t\tvalue=\"Rhode Island\">\n\t\t\t\t\t\tRhode Island\t\t\t\t\t<\/option>\n\t\t\t\t\t\t\t\t\t<option\n\t\t\t\t\t\tvalue=\"South Carolina\">\n\t\t\t\t\t\tSouth Carolina\t\t\t\t\t<\/option>\n\t\t\t\t\t\t\t\t\t<option\n\t\t\t\t\t\tvalue=\"South Dakota\">\n\t\t\t\t\t\tSouth Dakota\t\t\t\t\t<\/option>\n\t\t\t\t\t\t\t\t\t<option\n\t\t\t\t\t\tvalue=\"Tennessee\">\n\t\t\t\t\t\tTennessee\t\t\t\t\t<\/option>\n\t\t\t\t\t\t\t\t\t<option\n\t\t\t\t\t\tvalue=\"Texas\">\n\t\t\t\t\t\tTexas\t\t\t\t\t<\/option>\n\t\t\t\t\t\t\t\t\t<option\n\t\t\t\t\t\tvalue=\"Utah\">\n\t\t\t\t\t\tUtah\t\t\t\t\t<\/option>\n\t\t\t\t\t\t\t\t\t<option\n\t\t\t\t\t\tvalue=\"Vermont\">\n\t\t\t\t\t\tVermont\t\t\t\t\t<\/option>\n\t\t\t\t\t\t\t\t\t<option\n\t\t\t\t\t\tvalue=\"Virginia\">\n\t\t\t\t\t\tVirginia\t\t\t\t\t<\/option>\n\t\t\t\t\t\t\t\t\t<option\n\t\t\t\t\t\tvalue=\"Washington\">\n\t\t\t\t\t\tWashington\t\t\t\t\t<\/option>\n\t\t\t\t\t\t\t\t\t<option\n\t\t\t\t\t\tvalue=\"West Virginia\">\n\t\t\t\t\t\tWest Virginia\t\t\t\t\t<\/option>\n\t\t\t\t\t\t\t\t\t<option\n\t\t\t\t\t\tvalue=\"Wisconsin\">\n\t\t\t\t\t\tWisconsin\t\t\t\t\t<\/option>\n\t\t\t\t\t\t\t\t\t<option\n\t\t\t\t\t\tvalue=\"Wyoming\">\n\t\t\t\t\t\tWyoming\t\t\t\t\t<\/option>\n\t\t\t\t\t\t\t\t\t<option\n\t\t\t\t\t\tvalue=\"out of USA\">\n\t\t\t\t\t\tout of USA\t\t\t\t\t<\/option>\n\t\t\t\t\t\t<\/select>\n\t\t\t\t\t\t\t\t<div\n\t\t\t\t\t\t\tclass=\"sow-form-field-description\"\n\t\t\t\t\t\t\tid=\"sow-contact-form-field-su-estado-1-description\"\n\t\t\t\t\t\t>\n\t\t\t\t\t\t\tPor favor elija su estado\t\t\t\t\t\t<\/div>\n\t\t\t\t\t\t\t\t\t\t<\/div>\n\t\t\t\t\t\t\t<\/div>\n\t\t\t\t\t\t<div class=\"sow-form-field sow-form-field-select\">\n\t\t\t\t<label class=\"sow-form-field-label-above\" for=\"sow-contact-form-field-frutas-1\">\n\t\t\t\t<strong>\n\t\t\t\t\tFrutas*\t\t\t\t\t\t\t\t\t<\/strong>\n\t\t\t<\/label>\n\t\t\t\t\t\t\t<div class=\"sow-field-container\">\n\t\t\t\t\t\t\t<select\n\t\t\tname=\"frutas-1\"\n\t\t\tid=\"sow-contact-form-field-frutas-1\"\n\t\t\taria-describedby=\"sow-contact-form-field-frutas-1-description\" \t\t\t\t\t>\n\t\t\t\t\t\t\t\t<option selected ><\/option>\n\t\t\t\t\t\t\t\t\t\t<option\n\t\t\t\t\t\tvalue=\"Anonas\">\n\t\t\t\t\t\tAnonas\t\t\t\t\t<\/option>\n\t\t\t\t\t\t\t\t\t<option\n\t\t\t\t\t\tvalue=\"Baby Mango Tierno\">\n\t\t\t\t\t\tBaby Mango Tierno\t\t\t\t\t<\/option>\n\t\t\t\t\t\t\t\t\t<option\n\t\t\t\t\t\tvalue=\"Banana Burro\">\n\t\t\t\t\t\tBanana Burro\t\t\t\t\t<\/option>\n\t\t\t\t\t\t\t\t\t<option\n\t\t\t\t\t\tvalue=\"Banano manzano\">\n\t\t\t\t\t\tBanano manzano\t\t\t\t\t<\/option>\n\t\t\t\t\t\t\t\t\t<option\n\t\t\t\t\t\tvalue=\"Ca\u00f1a de azucar roja\">\n\t\t\t\t\t\tCa\u00f1a de azucar roja\t\t\t\t\t<\/option>\n\t\t\t\t\t\t\t\t\t<option\n\t\t\t\t\t\tvalue=\"Ca\u00f1a de azucar verde\">\n\t\t\t\t\t\tCa\u00f1a de azucar verde\t\t\t\t\t<\/option>\n\t\t\t\t\t\t\t\t\t<option\n\t\t\t\t\t\tvalue=\"Caqui\">\n\t\t\t\t\t\tCaqui\t\t\t\t\t<\/option>\n\t\t\t\t\t\t\t\t\t<option\n\t\t\t\t\t\tvalue=\"Carambola\">\n\t\t\t\t\t\tCarambola\t\t\t\t\t<\/option>\n\t\t\t\t\t\t\t\t\t<option\n\t\t\t\t\t\tvalue=\"Cherimoya\">\n\t\t\t\t\t\tCherimoya\t\t\t\t\t<\/option>\n\t\t\t\t\t\t\t\t\t<option\n\t\t\t\t\t\tvalue=\"Chipilin\">\n\t\t\t\t\t\tChipilin\t\t\t\t\t<\/option>\n\t\t\t\t\t\t\t\t\t<option\n\t\t\t\t\t\tvalue=\"Ciruela\/Jocote Corona\">\n\t\t\t\t\t\tCiruela\/Jocote Corona\t\t\t\t\t<\/option>\n\t\t\t\t\t\t\t\t\t<option\n\t\t\t\t\t\tvalue=\"Coco Blanco Joven Pelado\">\n\t\t\t\t\t\tCoco Blanco Joven Pelado\t\t\t\t\t<\/option>\n\t\t\t\t\t\t\t\t\t<option\n\t\t\t\t\t\tvalue=\"Flor de locoro\">\n\t\t\t\t\t\tFlor de locoro\t\t\t\t\t<\/option>\n\t\t\t\t\t\t\t\t\t<option\n\t\t\t\t\t\tvalue=\"FRESH SourSop \u2013 7 lbs\">\n\t\t\t\t\t\tFRESH SourSop \u2013 7 lbs\t\t\t\t\t<\/option>\n\t\t\t\t\t\t\t\t\t<option\n\t\t\t\t\t\tvalue=\"Granada\">\n\t\t\t\t\t\tGranada\t\t\t\t\t<\/option>\n\t\t\t\t\t\t\t\t\t<option\n\t\t\t\t\t\tvalue=\"Guanabana\">\n\t\t\t\t\t\tGuanabana\t\t\t\t\t<\/option>\n\t\t\t\t\t\t\t\t\t<option\n\t\t\t\t\t\tvalue=\"Guanabanas 10lbs\">\n\t\t\t\t\t\tGuanabanas 10lbs\t\t\t\t\t<\/option>\n\t\t\t\t\t\t\t\t\t<option\n\t\t\t\t\t\tvalue=\"Guan\u00e1banas 5lbs\">\n\t\t\t\t\t\tGuan\u00e1banas 5lbs\t\t\t\t\t<\/option>\n\t\t\t\t\t\t\t\t\t<option\n\t\t\t\t\t\tvalue=\"Guayaba rosa\">\n\t\t\t\t\t\tGuayaba rosa\t\t\t\t\t<\/option>\n\t\t\t\t\t\t\t\t\t<option\n\t\t\t\t\t\tvalue=\"Guayaba Thai\">\n\t\t\t\t\t\tGuayaba Thai\t\t\t\t\t<\/option>\n\t\t\t\t\t\t\t\t\t<option\n\t\t\t\t\t\tvalue=\"Hierba Mora\">\n\t\t\t\t\t\tHierba Mora\t\t\t\t\t<\/option>\n\t\t\t\t\t\t\t\t\t<option\n\t\t\t\t\t\tvalue=\"Hojas de aguacate\">\n\t\t\t\t\t\tHojas de aguacate\t\t\t\t\t<\/option>\n\t\t\t\t\t\t\t\t\t<option\n\t\t\t\t\t\tvalue=\"Hojas de Guan\u00e1banas\">\n\t\t\t\t\t\tHojas de Guan\u00e1banas\t\t\t\t\t<\/option>\n\t\t\t\t\t\t\t\t\t<option\n\t\t\t\t\t\tvalue=\"Jocote Liso\">\n\t\t\t\t\t\tJocote Liso\t\t\t\t\t<\/option>\n\t\t\t\t\t\t\t\t\t<option\n\t\t\t\t\t\tvalue=\"Lichi\">\n\t\t\t\t\t\tLichi\t\t\t\t\t<\/option>\n\t\t\t\t\t\t\t\t\t<option\n\t\t\t\t\t\tvalue=\"Mamey\/Sapote\">\n\t\t\t\t\t\tMamey\/Sapote\t\t\t\t\t<\/option>\n\t\t\t\t\t\t\t\t\t<option\n\t\t\t\t\t\tvalue=\"Mamoncillo\/Quenepa\">\n\t\t\t\t\t\tMamoncillo\/Quenepa\t\t\t\t\t<\/option>\n\t\t\t\t\t\t\t\t\t<option\n\t\t\t\t\t\tvalue=\"Mango Dominicano\">\n\t\t\t\t\t\tMango Dominicano\t\t\t\t\t<\/option>\n\t\t\t\t\t\t\t\t\t<option\n\t\t\t\t\t\tvalue=\"Mango Haitiano\">\n\t\t\t\t\t\tMango Haitiano\t\t\t\t\t<\/option>\n\t\t\t\t\t\t\t\t\t<option\n\t\t\t\t\t\tvalue=\"Maracuy\u00e1\">\n\t\t\t\t\t\tMaracuy\u00e1\t\t\t\t\t<\/option>\n\t\t\t\t\t\t\t\t\t<option\n\t\t\t\t\t\tvalue=\"Maracuy\u00e1 Morada\">\n\t\t\t\t\t\tMaracuy\u00e1 Morada\t\t\t\t\t<\/option>\n\t\t\t\t\t\t\t\t\t<option\n\t\t\t\t\t\tvalue=\"Margo verde tierno\">\n\t\t\t\t\t\tMargo verde tierno\t\t\t\t\t<\/option>\n\t\t\t\t\t\t\t\t\t<option\n\t\t\t\t\t\tvalue=\"N\u00edspero\/Sapodilla\">\n\t\t\t\t\t\tN\u00edspero\/Sapodilla\t\t\t\t\t<\/option>\n\t\t\t\t\t\t\t\t\t<option\n\t\t\t\t\t\tvalue=\"Pitajaya Amarilla\">\n\t\t\t\t\t\tPitajaya Amarilla\t\t\t\t\t<\/option>\n\t\t\t\t\t\t\t\t\t<option\n\t\t\t\t\t\tvalue=\"Pitajaya Blanca\">\n\t\t\t\t\t\tPitajaya Blanca\t\t\t\t\t<\/option>\n\t\t\t\t\t\t\t\t\t<option\n\t\t\t\t\t\tvalue=\"Pitajaya Roja\">\n\t\t\t\t\t\tPitajaya Roja\t\t\t\t\t<\/option>\n\t\t\t\t\t\t\t\t\t<option\n\t\t\t\t\t\tvalue=\"Pomelo\">\n\t\t\t\t\t\tPomelo\t\t\t\t\t<\/option>\n\t\t\t\t\t\t\t\t\t<option\n\t\t\t\t\t\tvalue=\"Rambutan\">\n\t\t\t\t\t\tRambutan\t\t\t\t\t<\/option>\n\t\t\t\t\t\t<\/select>\n\t\t\t\t\t\t\t\t<div\n\t\t\t\t\t\t\tclass=\"sow-form-field-description\"\n\t\t\t\t\t\t\tid=\"sow-contact-form-field-frutas-1-description\"\n\t\t\t\t\t\t>\n\t\t\t\t\t\t\tNuestras frutas\t\t\t\t\t\t<\/div>\n\t\t\t\t\t\t\t\t\t\t<\/div>\n\t\t\t\t\t\t\t<\/div>\n\t\t\t\t\t\t<div class=\"sow-form-field sow-form-field-text\">\n\t\t\t\t<label class=\"sow-form-field-label-above\" for=\"sow-contact-form-field-telefono-1\">\n\t\t\t\t<strong>\n\t\t\t\t\tTel\u00e9fono*\t\t\t\t\t\t\t\t\t<\/strong>\n\t\t\t<\/label>\n\t\t\t\t\t\t\t<div class=\"sow-field-container\">\n\t\t\t\t\t\t\t<input\n\t\t\ttype=\"text\"\n\t\t\tname=\"telefono-1\"\n\t\t\tid=\"sow-contact-form-field-telefono-1\"\n\t\t\tvalue=\"\"\n\t\t\tclass=\"sow-text-field\"\t\t\t\t\t\t\t\t\/>\n\t\t\t\t\t\t<\/div>\n\t\t\t\t\t\t\t<\/div>\n\t\t\t\t\t\t<div class=\"sow-form-field sow-form-field-textarea\">\n\t\t\t\t<label class=\"sow-form-field-label-above\" for=\"sow-contact-form-field-mensaje-1\">\n\t\t\t\t<strong>\n\t\t\t\t\tMensaje*\t\t\t\t\t\t\t\t\t<\/strong>\n\t\t\t<\/label>\n\t\t\t\t\t\t\t<div class=\"sow-field-container\">\n\t\t\t\t\t\t\t<textarea\n\t\t\tname=\"mensaje-1\"\n\t\t\tid=\"sow-contact-form-field-mensaje-1\"\n\t\t\trows=\"10\"\n\t\t\t\t\t\t\t\t><\/textarea>\n\t\t\t\t\t\t<\/div>\n\t\t\t\t\t\t\t<\/div>\n\t\t\t\n\t\t\n\t\t<div class=\"sow-submit-wrapper \n\t\tsow-submit-styled\t\t\">\n\n\t\t\t<button\n\t\t\t\ttype=\"submit\"\n\t\t\t\tclass=\"sow-submit\n\t\t\t\t\t\t\t\t\"\n\t\t\t\t\t\t\t>\n\t\t\t\tCont\u00e1ctenos\t\t\t<\/button>\n\t\t<\/div>\n\t\t\t\t<input\n\t\t\ttype=\"hidden\"\n\t\t\tname=\"instance_hash-1\"\n\t\t\tvalue=\"d7174a56\"\n\t\t\/>\n\n\t\t<input type=\"hidden\" id=\"_wpnonce\" name=\"_wpnonce\" value=\"b6108b0b3e\" \/><input type=\"hidden\" name=\"_wp_http_referer\" value=\"\/es\/wp-json\/wp\/v2\/pages\/2314\" \/>\t<\/form>\n\t<\/div><\/div><\/div><\/div><\/div>","protected":false},"excerpt":{"rendered":"<p>Green J&#8217;s Produce &#8211; @HandOnFruits De propiedad y operaci\u00f3n familiar, Green J&#8217;s Trading Corp. es una compa\u00f1\u00eda en el estado [&hellip;]<\/p>\n","protected":false},"author":1,"featured_media":0,"parent":0,"menu_order":0,"comment_status":"closed","ping_status":"closed","template":"","meta":{"_monsterinsights_skip_tracking":false,"_monsterinsights_sitenote_active":false,"_monsterinsights_sitenote_note":"","_monsterinsights_sitenote_category":0,"footnotes":""},"class_list":["post-2314","page","type-page","status-publish","hentry"],"_links":{"self":[{"href":"https:\/\/handonfruits.com\/es\/wp-json\/wp\/v2\/pages\/2314","targetHints":{"allow":["GET"]}}],"collection":[{"href":"https:\/\/handonfruits.com\/es\/wp-json\/wp\/v2\/pages"}],"about":[{"href":"https:\/\/handonfruits.com\/es\/wp-json\/wp\/v2\/types\/page"}],"author":[{"embeddable":true,"href":"https:\/\/handonfruits.com\/es\/wp-json\/wp\/v2\/users\/1"}],"replies":[{"embeddable":true,"href":"https:\/\/handonfruits.com\/es\/wp-json\/wp\/v2\/comments?post=2314"}],"version-history":[{"count":6,"href":"https:\/\/handonfruits.com\/es\/wp-json\/wp\/v2\/pages\/2314\/revisions"}],"predecessor-version":[{"id":2819,"href":"https:\/\/handonfruits.com\/es\/wp-json\/wp\/v2\/pages\/2314\/revisions\/2819"}],"wp:attachment":[{"href":"https:\/\/handonfruits.com\/es\/wp-json\/wp\/v2\/media?parent=2314"}],"curies":[{"name":"wp","href":"https:\/\/api.w.org\/{rel}","templated":true}]}}