{"id":2311,"date":"2018-02-02T15:42:38","date_gmt":"2018-02-02T15:42:38","guid":{"rendered":"https:\/\/handonfruits.com\/\/return-policy\/"},"modified":"2020-04-26T00:21:46","modified_gmt":"2020-04-26T00:21:46","slug":"politicas-de-retorno","status":"publish","type":"page","link":"https:\/\/handonfruits.com\/es\/politicas-de-retorno\/","title":{"rendered":"Politicas de retorno"},"content":{"rendered":"<p><strong> <u> Reembolso o cambio <\/u> <\/strong><\/p>\n<p>Nuestra pol\u00edtica dura 1 d\u00eda despu\u00e9s de la llegada del art\u00edculo. Si ha pasado 1 d\u00eda desde su recepci\u00f3n, desafortunadamente no podemos ofrecerle un reembolso o cambio debido a la perecedera de los productos.<\/p>\n<p>Para ser elegible para una devoluci\u00f3n, su art\u00edculo debe estar sin usar y en la misma condici\u00f3n en que lo recibi\u00f3. Tambi\u00e9n debe estar en el embalaje original.<\/p>\n<p>Para completar su devoluci\u00f3n, requerimos un recibo o comprobante de compra, por lo que el comprador DEBE enviar un correo electr\u00f3nico con im\u00e1genes del producto, al menos 4 im\u00e1genes, para que podamos verificarlo y responderlo en las pr\u00f3ximas 24 y 48 horas con nuestro conclusi\u00f3n.<\/p>\n<p><strong> <u> Reembolsos (si corresponde) <\/u> <\/strong><\/p>\n<p>Una vez que se reciba e inspeccione su devoluci\u00f3n, le enviaremos un correo electr\u00f3nico para notificarle que hemos recibido su art\u00edculo devuelto. Tambi\u00e9n le notificaremos la aprobaci\u00f3n o rechazo de su reembolso.<\/p>\n<p>Si se aprueba, se procesar\u00e1 su reembolso y se aplicar\u00e1 autom\u00e1ticamente un cr\u00e9dito a su tarjeta de cr\u00e9dito o m\u00e9todo de pago original, dentro de una cierta cantidad de d\u00edas.<\/p>\n<p><strong> <u> Reembolsos tard\u00edos o faltantes (si corresponde) <\/u> <\/strong><\/p>\n<p>Si a\u00fan no ha recibido un reembolso, primero verifique su cuenta bancaria nuevamente.<\/p>\n<p>Luego comun\u00edquese con la compa\u00f1\u00eda de su tarjeta de cr\u00e9dito, puede pasar alg\u00fan tiempo antes de que su reembolso se publique oficialmente.<\/p>\n<p>Luego contacte a su banco. A menudo hay alg\u00fan tiempo de procesamiento antes de que se publique un reembolso.<\/p>\n<p>Si ha hecho todo esto y a\u00fan no ha recibido su reembolso, cont\u00e1ctenos en greenjsproduce@gmail.com.<\/p>\n<p><strong> <u> Art\u00edculos en oferta (si corresponde) <\/u> <\/strong><\/p>\n<p>Solo se pueden reembolsar los art\u00edculos a precio normal, desafortunadamente los art\u00edculos en oferta no se pueden reembolsar.<\/p>\n<p><strong> <u> Intercambios (si corresponde) <\/u> <\/strong><\/p>\n<p>Solo reemplazamos los art\u00edculos si no son blancos en el interior, por ejemplo, si el art\u00edculo vino en marr\u00f3n o cualquier color oscuro. Si necesita cambiarlo por el mismo art\u00edculo, env\u00edenos un correo electr\u00f3nico a info@greenjstrading.com<\/p>\n<p><strong><u>Regalos<\/u><\/strong><\/p>\n<p>Si el art\u00edculo se marc\u00f3 como un regalo cuando se compr\u00f3 y se le envi\u00f3 directamente a usted, recibir\u00e1 un cr\u00e9dito de regalo por el valor de su devoluci\u00f3n. Una vez que se recibe el art\u00edculo devuelto, se le enviar\u00e1 un certificado de regalo.<\/p>\n<p>Si el art\u00edculo no se marc\u00f3 como regalo cuando lo compr\u00f3, o si el donante recibi\u00f3 el pedido para que se lo entregaran m\u00e1s tarde, le enviaremos un reembolso al donante y \u00e9l se enterar\u00e1 de su devoluci\u00f3n.<\/p>\n<p><strong><u>Env\u00edo<\/u><\/strong><\/p>\n<p>Para devolver su producto, debe enviarlo por correo a: 1567 Fulton St. Brooklyn, Nueva York, NY, 11216, Estados Unidos.<\/p>\n<p>Usted ser\u00e1 responsable de pagar sus propios costos de env\u00edo para devolver su art\u00edculo. Los gastos de env\u00edo no son reembolsables. Si recibe un reembolso, el costo del env\u00edo de devoluci\u00f3n se deducir\u00e1 de su reembolso.<\/p>\n<p>Dependiendo de d\u00f3nde viva, el tiempo que le tome a su producto intercambiado llegar a usted, puede variar.<\/p>\n<p>Si est\u00e1 enviando un art\u00edculo de m\u00e1s de $ 75, deber\u00eda considerar usar un servicio de env\u00edo rastreable o comprar un seguro de env\u00edo. No garantizamos que recibiremos su art\u00edculo devuelto.<\/p>\n","protected":false},"excerpt":{"rendered":"<p>Reembolso o cambio Nuestra pol\u00edtica dura 1 d\u00eda despu\u00e9s de la llegada del art\u00edculo. Si ha pasado 1 d\u00eda desde [&hellip;]<\/p>\n","protected":false},"author":1,"featured_media":0,"parent":0,"menu_order":0,"comment_status":"closed","ping_status":"closed","template":"","meta":{"_monsterinsights_skip_tracking":false,"_monsterinsights_sitenote_active":false,"_monsterinsights_sitenote_note":"","_monsterinsights_sitenote_category":0,"footnotes":""},"class_list":["post-2311","page","type-page","status-publish","hentry"],"_links":{"self":[{"href":"https:\/\/handonfruits.com\/es\/wp-json\/wp\/v2\/pages\/2311","targetHints":{"allow":["GET"]}}],"collection":[{"href":"https:\/\/handonfruits.com\/es\/wp-json\/wp\/v2\/pages"}],"about":[{"href":"https:\/\/handonfruits.com\/es\/wp-json\/wp\/v2\/types\/page"}],"author":[{"embeddable":true,"href":"https:\/\/handonfruits.com\/es\/wp-json\/wp\/v2\/users\/1"}],"replies":[{"embeddable":true,"href":"https:\/\/handonfruits.com\/es\/wp-json\/wp\/v2\/comments?post=2311"}],"version-history":[{"count":3,"href":"https:\/\/handonfruits.com\/es\/wp-json\/wp\/v2\/pages\/2311\/revisions"}],"predecessor-version":[{"id":2691,"href":"https:\/\/handonfruits.com\/es\/wp-json\/wp\/v2\/pages\/2311\/revisions\/2691"}],"wp:attachment":[{"href":"https:\/\/handonfruits.com\/es\/wp-json\/wp\/v2\/media?parent=2311"}],"curies":[{"name":"wp","href":"https:\/\/api.w.org\/{rel}","templated":true}]}}