{"id":2147,"date":"2020-01-16T05:28:28","date_gmt":"2020-01-16T05:28:28","guid":{"rendered":"https:\/\/handonfruits.com\/\/carrito\/"},"modified":"2020-05-02T02:22:37","modified_gmt":"2020-05-02T02:22:37","slug":"carrito","status":"publish","type":"page","link":"https:\/\/handonfruits.com\/es\/carrito\/","title":{"rendered":"Carrito"},"content":{"rendered":"<div id=\"pl-357\" class=\"panel-layout\">\n<div id=\"pg-357-0\" class=\"panel-grid panel-no-style\" data-style=\"{&quot;background_display&quot;:&quot;tile&quot;,&quot;cell_alignment&quot;:&quot;flex-start&quot;}\" data-ratio=\"1\" data-ratio-direction=\"right\">\n<div id=\"pgc-357-0-0\" class=\"panel-grid-cell\" data-weight=\"1\">\n<div id=\"panel-357-0-0-0\" class=\"so-panel widget widget_sow-editor panel-first-child panel-last-child\" data-index=\"0\" data-style=\"{&quot;background_display&quot;:&quot;tile&quot;}\">\n<div class=\"so-widget-sow-editor so-widget-sow-editor-base\">\n<div class=\"siteorigin-widget-tinymce textwidget\">\n<p><span style=\"color: #ff0000;\">PARA MANTENER LA FRESCURA, TRABAJAMOS SOLO CON EL PEDIDO Y CERRAMOS LAS VENTAS DE LA SEMANA CADA VIERNES A LAS 12 AM, UNA VEZ QUE PAGUE EL SERVICIO AL CLIENTE LE ENVIAR\u00c1 POR CORREO ELECTR\u00d3NICO CON LA FECHA ESTIMADA DE ENTREGA Y EL N\u00daMERO DE SEGUIMIENTO. LA FECHA PUEDE SER LA SIGUIENTE O LA SEMANA SIGUIENTE DESPU\u00c9S DE QUE SE HAYA REALIZADO SU PEDIDO.<\/span><\/p>\n<\/div>\n<\/div>\n<\/div>\n<\/div>\n<\/div>\n<div id=\"pg-357-1\" class=\"panel-grid panel-no-style\" data-style=\"{&quot;background_display&quot;:&quot;tile&quot;,&quot;cell_alignment&quot;:&quot;flex-start&quot;}\" data-ratio=\"0.33333333\" data-ratio-direction=\"right\">\n<div id=\"pgc-357-1-0\" class=\"panel-grid-cell\" data-weight=\"1\">\n<div id=\"panel-357-1-0-0\" class=\"so-panel widget widget_custom_html panel-first-child panel-last-child\" data-index=\"1\" data-style=\"{&quot;background_display&quot;:&quot;tile&quot;}\">\n<\/div>\n<\/div>\n<\/div>\n<\/div>\n","protected":false},"excerpt":{"rendered":"<p>PARA MANTENER LA FRESCURA, TRABAJAMOS SOLO CON EL PEDIDO Y CERRAMOS LAS VENTAS DE LA SEMANA CADA VIERNES A LAS [&hellip;]<\/p>\n","protected":false},"author":2,"featured_media":0,"parent":0,"menu_order":0,"comment_status":"closed","ping_status":"closed","template":"","meta":{"_monsterinsights_skip_tracking":false,"_monsterinsights_sitenote_active":false,"_monsterinsights_sitenote_note":"","_monsterinsights_sitenote_category":0,"footnotes":""},"class_list":["post-2147","page","type-page","status-publish","hentry"],"_links":{"self":[{"href":"https:\/\/handonfruits.com\/es\/wp-json\/wp\/v2\/pages\/2147","targetHints":{"allow":["GET"]}}],"collection":[{"href":"https:\/\/handonfruits.com\/es\/wp-json\/wp\/v2\/pages"}],"about":[{"href":"https:\/\/handonfruits.com\/es\/wp-json\/wp\/v2\/types\/page"}],"author":[{"embeddable":true,"href":"https:\/\/handonfruits.com\/es\/wp-json\/wp\/v2\/users\/2"}],"replies":[{"embeddable":true,"href":"https:\/\/handonfruits.com\/es\/wp-json\/wp\/v2\/comments?post=2147"}],"version-history":[{"count":4,"href":"https:\/\/handonfruits.com\/es\/wp-json\/wp\/v2\/pages\/2147\/revisions"}],"predecessor-version":[{"id":2793,"href":"https:\/\/handonfruits.com\/es\/wp-json\/wp\/v2\/pages\/2147\/revisions\/2793"}],"wp:attachment":[{"href":"https:\/\/handonfruits.com\/es\/wp-json\/wp\/v2\/media?parent=2147"}],"curies":[{"name":"wp","href":"https:\/\/api.w.org\/{rel}","templated":true}]}}